{"id":2185,"date":"2023-03-15T07:42:28","date_gmt":"2023-03-15T06:42:28","guid":{"rendered":"https:\/\/www.h2coresystems.com\/use-cases\/"},"modified":"2024-09-25T16:46:05","modified_gmt":"2024-09-25T14:46:05","slug":"use-cases-h2-projekte","status":"publish","type":"page","link":"https:\/\/www.h2coresystems.com\/de\/use-cases-h2-projekte\/","title":{"rendered":"Use Cases"},"content":{"rendered":"<div class=\"wpb-content-wrapper\"><p>[vc_row content_placement=&#8220;bottom&#8220;][vc_column][vc_column_text css=&#8220;&#8220; el_class=&#8220;h1-prepend-dot&#8220;]<\/p>\n<h1>H2 CORE SYSTEMS USE CASES<\/h1>\n<h2>H2-Projekte auf der ganzen Welt<\/h2>\n<p>[\/vc_column_text][\/vc_column][\/vc_row][vc_row gap=&#8220;20&#8243; content_placement=&#8220;top&#8220;][vc_column width=&#8220;1\/2&#8243;][vc_column_text css=&#8220;&#8220;]Unsere modularen Systeme finden weltweit in einer Vielzahl von Anwendungsbereichen f\u00fcr gr\u00fcnen Wasserstoff Verwendung.<\/p>\n<p>St\u00f6bere in unserer Use Case Sammlung, erfahre mehr und sende uns eine E-Mail, wenn Du Fragen hast.[\/vc_column_text][\/vc_column][vc_column width=&#8220;1\/2&#8243;][vc_column_text]<\/p>\n<h2>DIE WELT MIT GR\u00dcNEM WASSERSTOFF VERSORGEN.<\/h2>\n<p>[\/vc_column_text][\/vc_column][\/vc_row][vc_row][vc_column][vc_raw_html]JTVCZGlzcGxheS1tYXAlMjBpZCUzRCUyNzEwNjAlMjclNUQlMEElMEE=[\/vc_raw_html][\/vc_column][\/vc_row][vc_row content_placement=&#8220;bottom&#8220; css=&#8220;.vc_custom_1665732781028{margin-top: 80px !important;}&#8220;][vc_column width=&#8220;5\/6&#8243; offset=&#8220;vc_col-sm-offset-1&#8243;][vc_column_text css=&#8220;&#8220; el_class=&#8220;h2-prepend-dot&#8220;]<\/p>\n<h2>Weltweite Use Cases &#8211; weltweite Partner!<\/h2>\n<p>[\/vc_column_text][vc_column_text css=&#8220;.vc_custom_1679656966655{margin-bottom: 50px !important;}&#8220;][\/vc_column_text][vc_media_grid gap=&#8220;0&#8243; item=&#8220;321&#8243; css=&#8220;&#8220; grid_id=&#8220;vc_gid:1726157902499-dcb70952-38ba-1&#8243; include=&#8220;267,271,275,291,1948,1404,279,299,295,287,1400,1402,4684&#8243; el_class=&#8220;partner-grid&#8220;][\/vc_column][\/vc_row]<\/p>\n<\/div>","protected":false},"excerpt":{"rendered":"<p>[vc_row content_placement=&#8220;bottom&#8220;][vc_column][vc_column_text css=&#8220;&#8220; el_class=&#8220;h1-prepend-dot&#8220;] H2 CORE SYSTEMS USE CASES H2-Projekte auf der ganzen Welt [\/vc_column_text][\/vc_column][\/vc_row][vc_row gap=&#8220;20&#8243; content_placement=&#8220;top&#8220;][vc_column width=&#8220;1\/2&#8243;][vc_column_text css=&#8220;&#8220;]Unsere modularen Systeme finden weltweit in einer Vielzahl von Anwendungsbereichen f\u00fcr gr\u00fcnen Wasserstoff Verwendung. St\u00f6bere in unserer Use Case Sammlung, erfahre mehr und sende uns eine E-Mail, wenn Du Fragen hast.[\/vc_column_text][\/vc_column][vc_column width=&#8220;1\/2&#8243;][vc_column_text] DIE WELT MIT GR\u00dcNEM WASSERSTOFF&hellip;<\/p>\n","protected":false},"author":2,"featured_media":0,"parent":0,"menu_order":6,"comment_status":"closed","ping_status":"closed","template":"","meta":{"_acf_changed":false,"footnotes":"","_links_to":"","_links_to_target":""},"class_list":["post-2185","page","type-page","status-publish","hentry","description-off"],"acf":[],"yoast_head":"<!-- This site is optimized with the Yoast SEO Premium plugin v26.2 (Yoast SEO v27.3) - https:\/\/yoast.com\/product\/yoast-seo-premium-wordpress\/ -->\n<title>Use Cases &#8211; H2 Core Systems GmbH<\/title>\n<meta name=\"description\" content=\"Erfahre mehr \u00fcber die breite Palette von Use Cases\/Anwendungen, in denen H2 Core Systems weltweit eingesetzt werden. Entdecke unsere Projekte rund um den Globus und erfahre, wie unsere L\u00f6sungen die Zukunft der Wasserstofftechnologie gestalten.\" \/>\n<meta name=\"robots\" content=\"index, follow, max-snippet:-1, max-image-preview:large, max-video-preview:-1\" \/>\n<link rel=\"canonical\" href=\"https:\/\/www.h2coresystems.com\/de\/use-cases-h2-projekte\/\" \/>\n<meta property=\"og:locale\" content=\"de_DE\" \/>\n<meta property=\"og:type\" content=\"article\" \/>\n<meta property=\"og:title\" content=\"Use Cases\" \/>\n<meta property=\"og:description\" content=\"Erfahre mehr \u00fcber die breite Palette von Use Cases\/Anwendungen, in denen H2 Core Systems weltweit eingesetzt werden. Entdecke unsere Projekte rund um den Globus und erfahre, wie unsere L\u00f6sungen die Zukunft der Wasserstofftechnologie gestalten.\" \/>\n<meta property=\"og:url\" content=\"https:\/\/www.h2coresystems.com\/de\/use-cases-h2-projekte\/\" \/>\n<meta property=\"og:site_name\" content=\"H2 Core Systems GmbH\" \/>\n<meta property=\"article:publisher\" content=\"https:\/\/www.facebook.com\/profile.php?id=100083236026860\" \/>\n<meta property=\"article:modified_time\" content=\"2024-09-25T14:46:05+00:00\" \/>\n<meta name=\"twitter:card\" content=\"summary_large_image\" \/>\n<meta name=\"twitter:label1\" content=\"Gesch\u00e4tzte Lesezeit\" \/>\n\t<meta name=\"twitter:data1\" content=\"1\u00a0Minute\" \/>\n<script type=\"application\/ld+json\" class=\"yoast-schema-graph\">{\"@context\":\"https:\\\/\\\/schema.org\",\"@graph\":[{\"@type\":\"WebPage\",\"@id\":\"https:\\\/\\\/www.h2coresystems.com\\\/de\\\/use-cases-h2-projekte\\\/\",\"url\":\"https:\\\/\\\/www.h2coresystems.com\\\/de\\\/use-cases-h2-projekte\\\/\",\"name\":\"Use Cases &#8211; H2 Core Systems GmbH\",\"isPartOf\":{\"@id\":\"\\\/#website\"},\"datePublished\":\"2023-03-15T06:42:28+00:00\",\"dateModified\":\"2024-09-25T14:46:05+00:00\",\"description\":\"Erfahre mehr \u00fcber die breite Palette von Use Cases\\\/Anwendungen, in denen H2 Core Systems weltweit eingesetzt werden. Entdecke unsere Projekte rund um den Globus und erfahre, wie unsere L\u00f6sungen die Zukunft der Wasserstofftechnologie gestalten.\",\"breadcrumb\":{\"@id\":\"https:\\\/\\\/www.h2coresystems.com\\\/de\\\/use-cases-h2-projekte\\\/#breadcrumb\"},\"inLanguage\":\"de\",\"potentialAction\":[{\"@type\":\"ReadAction\",\"target\":[\"https:\\\/\\\/www.h2coresystems.com\\\/de\\\/use-cases-h2-projekte\\\/\"]}]},{\"@type\":\"BreadcrumbList\",\"@id\":\"https:\\\/\\\/www.h2coresystems.com\\\/de\\\/use-cases-h2-projekte\\\/#breadcrumb\",\"itemListElement\":[{\"@type\":\"ListItem\",\"position\":1,\"name\":\"Startseite\",\"item\":\"https:\\\/\\\/www.h2coresystems.com\\\/de\\\/\"},{\"@type\":\"ListItem\",\"position\":2,\"name\":\"Use Cases\"}]},{\"@type\":\"WebSite\",\"@id\":\"\\\/#website\",\"url\":\"\\\/\",\"name\":\"H2 Core Systems GmbH\",\"description\":\"Powering the World with green Hydrogen!\",\"publisher\":{\"@id\":\"\\\/#organization\"},\"potentialAction\":[{\"@type\":\"SearchAction\",\"target\":{\"@type\":\"EntryPoint\",\"urlTemplate\":\"\\\/?s={search_term_string}\"},\"query-input\":{\"@type\":\"PropertyValueSpecification\",\"valueRequired\":true,\"valueName\":\"search_term_string\"}}],\"inLanguage\":\"de\"},{\"@type\":\"Organization\",\"@id\":\"\\\/#organization\",\"name\":\"H2 Core Systems\",\"url\":\"\\\/\",\"logo\":{\"@type\":\"ImageObject\",\"inLanguage\":\"de\",\"@id\":\"\\\/#\\\/schema\\\/logo\\\/image\\\/\",\"url\":\"https:\\\/\\\/www.h2coresystems.com\\\/wp-content\\\/uploads\\\/h2core-logo-800.png\",\"contentUrl\":\"https:\\\/\\\/www.h2coresystems.com\\\/wp-content\\\/uploads\\\/h2core-logo-800.png\",\"width\":800,\"height\":479,\"caption\":\"H2 Core Systems\"},\"image\":{\"@id\":\"\\\/#\\\/schema\\\/logo\\\/image\\\/\"},\"sameAs\":[\"https:\\\/\\\/www.facebook.com\\\/profile.php?id=100083236026860\",\"https:\\\/\\\/www.instagram.com\\\/h2coresystems\\\/\"]}]}<\/script>\n<!-- \/ Yoast SEO Premium plugin. -->","yoast_head_json":{"title":"Use Cases &#8211; H2 Core Systems GmbH","description":"Erfahre mehr \u00fcber die breite Palette von Use Cases\/Anwendungen, in denen H2 Core Systems weltweit eingesetzt werden. Entdecke unsere Projekte rund um den Globus und erfahre, wie unsere L\u00f6sungen die Zukunft der Wasserstofftechnologie gestalten.","robots":{"index":"index","follow":"follow","max-snippet":"max-snippet:-1","max-image-preview":"max-image-preview:large","max-video-preview":"max-video-preview:-1"},"canonical":"https:\/\/www.h2coresystems.com\/de\/use-cases-h2-projekte\/","og_locale":"de_DE","og_type":"article","og_title":"Use Cases","og_description":"Erfahre mehr \u00fcber die breite Palette von Use Cases\/Anwendungen, in denen H2 Core Systems weltweit eingesetzt werden. Entdecke unsere Projekte rund um den Globus und erfahre, wie unsere L\u00f6sungen die Zukunft der Wasserstofftechnologie gestalten.","og_url":"https:\/\/www.h2coresystems.com\/de\/use-cases-h2-projekte\/","og_site_name":"H2 Core Systems GmbH","article_publisher":"https:\/\/www.facebook.com\/profile.php?id=100083236026860","article_modified_time":"2024-09-25T14:46:05+00:00","twitter_card":"summary_large_image","twitter_misc":{"Gesch\u00e4tzte Lesezeit":"1\u00a0Minute"},"schema":{"@context":"https:\/\/schema.org","@graph":[{"@type":"WebPage","@id":"https:\/\/www.h2coresystems.com\/de\/use-cases-h2-projekte\/","url":"https:\/\/www.h2coresystems.com\/de\/use-cases-h2-projekte\/","name":"Use Cases &#8211; H2 Core Systems GmbH","isPartOf":{"@id":"\/#website"},"datePublished":"2023-03-15T06:42:28+00:00","dateModified":"2024-09-25T14:46:05+00:00","description":"Erfahre mehr \u00fcber die breite Palette von Use Cases\/Anwendungen, in denen H2 Core Systems weltweit eingesetzt werden. Entdecke unsere Projekte rund um den Globus und erfahre, wie unsere L\u00f6sungen die Zukunft der Wasserstofftechnologie gestalten.","breadcrumb":{"@id":"https:\/\/www.h2coresystems.com\/de\/use-cases-h2-projekte\/#breadcrumb"},"inLanguage":"de","potentialAction":[{"@type":"ReadAction","target":["https:\/\/www.h2coresystems.com\/de\/use-cases-h2-projekte\/"]}]},{"@type":"BreadcrumbList","@id":"https:\/\/www.h2coresystems.com\/de\/use-cases-h2-projekte\/#breadcrumb","itemListElement":[{"@type":"ListItem","position":1,"name":"Startseite","item":"https:\/\/www.h2coresystems.com\/de\/"},{"@type":"ListItem","position":2,"name":"Use Cases"}]},{"@type":"WebSite","@id":"\/#website","url":"\/","name":"H2 Core Systems GmbH","description":"Powering the World with green Hydrogen!","publisher":{"@id":"\/#organization"},"potentialAction":[{"@type":"SearchAction","target":{"@type":"EntryPoint","urlTemplate":"\/?s={search_term_string}"},"query-input":{"@type":"PropertyValueSpecification","valueRequired":true,"valueName":"search_term_string"}}],"inLanguage":"de"},{"@type":"Organization","@id":"\/#organization","name":"H2 Core Systems","url":"\/","logo":{"@type":"ImageObject","inLanguage":"de","@id":"\/#\/schema\/logo\/image\/","url":"https:\/\/www.h2coresystems.com\/wp-content\/uploads\/h2core-logo-800.png","contentUrl":"https:\/\/www.h2coresystems.com\/wp-content\/uploads\/h2core-logo-800.png","width":800,"height":479,"caption":"H2 Core Systems"},"image":{"@id":"\/#\/schema\/logo\/image\/"},"sameAs":["https:\/\/www.facebook.com\/profile.php?id=100083236026860","https:\/\/www.instagram.com\/h2coresystems\/"]}]}},"_links":{"self":[{"href":"https:\/\/www.h2coresystems.com\/de\/wp-json\/wp\/v2\/pages\/2185","targetHints":{"allow":["GET"]}}],"collection":[{"href":"https:\/\/www.h2coresystems.com\/de\/wp-json\/wp\/v2\/pages"}],"about":[{"href":"https:\/\/www.h2coresystems.com\/de\/wp-json\/wp\/v2\/types\/page"}],"author":[{"embeddable":true,"href":"https:\/\/www.h2coresystems.com\/de\/wp-json\/wp\/v2\/users\/2"}],"replies":[{"embeddable":true,"href":"https:\/\/www.h2coresystems.com\/de\/wp-json\/wp\/v2\/comments?post=2185"}],"version-history":[{"count":13,"href":"https:\/\/www.h2coresystems.com\/de\/wp-json\/wp\/v2\/pages\/2185\/revisions"}],"predecessor-version":[{"id":4712,"href":"https:\/\/www.h2coresystems.com\/de\/wp-json\/wp\/v2\/pages\/2185\/revisions\/4712"}],"wp:attachment":[{"href":"https:\/\/www.h2coresystems.com\/de\/wp-json\/wp\/v2\/media?parent=2185"}],"curies":[{"name":"wp","href":"https:\/\/api.w.org\/{rel}","templated":true}]}}