{"id":2178,"date":"2023-01-18T09:38:19","date_gmt":"2023-01-18T08:38:19","guid":{"rendered":"https:\/\/www.h2coresystems.com\/partner\/"},"modified":"2024-11-28T10:04:34","modified_gmt":"2024-11-28T09:04:34","slug":"partner","status":"publish","type":"page","link":"https:\/\/www.h2coresystems.com\/de\/partner\/","title":{"rendered":"Partner"},"content":{"rendered":"<div class=\"wpb-content-wrapper\"><p>[vc_row content_placement=&#8220;bottom&#8220;][vc_column][vc_column_text el_class=&#8220;h1-prepend-dot&#8220;]<\/p>\n<h1>UNSERE PARTNER<\/h1>\n<h2>Unser Netzwerk von Partnern w\u00e4chst st\u00e4ndig<\/h2>\n<p>[\/vc_column_text][\/vc_column][\/vc_row][vc_row gap=&#8220;20&#8243; content_placement=&#8220;top&#8220; css=&#8220;.vc_custom_1665734321751{margin-top: 20px !important;}&#8220;][vc_column width=&#8220;1\/2&#8243;][vc_column_text]Denn wir alle haben eine gemeinsame Vision: in einer Welt ohne fossile Brennstoffe zu leben und \u00fcberall gr\u00fcnen Wasserstoff einzusetzen. Wir ermutigen diejenigen, die unsere Werte teilen, auf uns zuzugehen, um eine m\u00f6gliche Partnerschaft einzugehen.[\/vc_column_text][\/vc_column][vc_column width=&#8220;1\/2&#8243;][vc_column_text]Gemeinsam f\u00fcr eine gr\u00fcne Zukunft. Wenn Sie an einer Partnerschaft interessiert sind, schreiben Sie uns bitte an <a href=\"mailto:info@h2coresystems.com\">info@h2coresystems.com<\/a>[\/vc_column_text][\/vc_column][\/vc_row][vc_row content_placement=&#8220;bottom&#8220; css=&#8220;.vc_custom_1665732781028{margin-top: 80px !important;}&#8220;][vc_column offset=&#8220;vc_col-sm-offset-0&#8243;][vc_media_grid element_width=&#8220;3&#8243; gap=&#8220;0&#8243; item=&#8220;321&#8243; css=&#8220;&#8220; grid_id=&#8220;vc_gid:1732784646317-d3c0585f-35f8-8&#8243; include=&#8220;267,271,275,291,1948,1404,279,299,295,287,1402,1400,4684&#8243; el_class=&#8220;partner-grid&#8220;][\/vc_column][\/vc_row][vc_row content_placement=&#8220;bottom&#8220; css=&#8220;.vc_custom_1721286563891{margin-top: 290px !important;}&#8220;][vc_column][vc_column_text el_class=&#8220;h1-prepend-dot&#8220;]<\/p>\n<h1>Statements<\/h1>\n<p>[\/vc_column_text][\/vc_column][\/vc_row][vc_row gap=&#8220;20&#8243; content_placement=&#8220;top&#8220; css=&#8220;.vc_custom_1665734321751{margin-top: 20px !important;}&#8220;][vc_column width=&#8220;1\/2&#8243;][vc_column_text]&#8220;Es ist f\u00fcr uns sehr inspirierend, mit vision\u00e4ren Unternehmen wie H2Core zusammenzuarbeiten.<br \/>\nWir sind dankbar f\u00fcr den innovativen und offenen Austausch und stolz darauf, H2Core mit unserem HydroHUlc in ihrem Gesch\u00e4ftsfeld nachhaltig zu unterst\u00fctzen.&#8220;<\/p>\n<p><strong>MAXIMATOR GmbH<\/strong>[\/vc_column_text][\/vc_column][vc_column width=&#8220;1\/2&#8243;][vc_column_text]&#8220;Enapter hat sich zum Ziel gesetzt, gr\u00fcnen Wasserstoff erschwinglich und f\u00fcr alle zug\u00e4nglich zu machen, indem wir AEM-Elektrolyseure einsetzen, um die Wasserelektrolyse wettbewerbsf\u00e4hig mit fossilen Brennstoffen zu machen. Um dies zu erreichen, handeln wir mit Dringlichkeit, entscheiden uns f\u00fcr Einfachheit und bestehen auf Transparenz. Aber wir k\u00f6nnen es nicht allein schaffen &#8211; wir sind auf unsere Partner angewiesen, um die kompletten gr\u00fcnen Wasserstoffsysteme zu schaffen, die die Welt braucht. Heute steht H2 Core Systems an der Spitze dieses \u00d6kosystems und entwickelt die innovativste Wasserstoffl\u00f6sung.&#8220;<\/p>\n<p><strong>Enapter GmbH<\/strong>[\/vc_column_text][\/vc_column][\/vc_row][vc_row gap=&#8220;20&#8243; content_placement=&#8220;top&#8220; css=&#8220;.vc_custom_1665734321751{margin-top: 20px !important;}&#8220;][vc_column width=&#8220;1\/2&#8243;][vc_column_text css=&#8220;&#8220;]&#8220;H2 Core Systems ist einer der erfolgversprechendsten Akteure, wenn es um technisch realisierbare und wirtschaftliche Wasserstoffl\u00f6sungen geht. Ihr anerkannte Expertise im Bereich modularer Wasserstofftechnologien erm\u00f6glicht es Unternehmen, anpassungsf\u00e4hige L\u00f6sungen f\u00fcr verschiedene Anwendungen, einschlie\u00dflich Energiesysteme und nachhaltige Innovationen zu schaffen. \u00a0Durch die Integration ihrer innovativen F\u00e4higkeiten mit dem strategischen Ansatz und dem ausgedehnten Netzwerk von SYNERGY Partners liefert unsere Zusammenarbeit skalierbare und leistungsstarke L\u00f6sungen, die auf die sich entwickelnden Bed\u00fcrfnisse der verschiedenen Industrien zugeschnitten sind. Gemeinsam erarbeiten wir eine Zukunft, in der Innovation und zeitliche Umsetzbarkeit zusammenflie\u00dfen und Unternehmen durch nahtlose, ma\u00dfgeschneiderte L\u00f6sungen in die Lage versetzt werden, ihre Ziele zeitnah zu erreichen.\u201c<\/p>\n<p><strong>SYNERGY Partners<\/strong>[\/vc_column_text][\/vc_column][vc_column width=&#8220;1\/2&#8243;][\/vc_column][\/vc_row][vc_row][vc_column]<div class=\"ult-spacer spacer-69e19ac522517\" data-id=\"69e19ac522517\" data-height=\"102\" data-height-mobile=\"102\" data-height-tab=\"102\" data-height-tab-portrait=\"\" data-height-mobile-landscape=\"\" style=\"clear:both;display:block;\"><\/div>[\/vc_column][\/vc_row]<\/p>\n<\/div>","protected":false},"excerpt":{"rendered":"<p>[vc_row content_placement=&#8220;bottom&#8220;][vc_column][vc_column_text el_class=&#8220;h1-prepend-dot&#8220;] UNSERE PARTNER Unser Netzwerk von Partnern w\u00e4chst st\u00e4ndig [\/vc_column_text][\/vc_column][\/vc_row][vc_row gap=&#8220;20&#8243; content_placement=&#8220;top&#8220; css=&#8220;.vc_custom_1665734321751{margin-top: 20px !important;}&#8220;][vc_column width=&#8220;1\/2&#8243;][vc_column_text]Denn wir alle haben eine gemeinsame Vision: in einer Welt ohne fossile Brennstoffe zu leben und \u00fcberall gr\u00fcnen Wasserstoff einzusetzen. Wir ermutigen diejenigen, die unsere Werte teilen, auf uns zuzugehen, um eine m\u00f6gliche Partnerschaft einzugehen.[\/vc_column_text][\/vc_column][vc_column width=&#8220;1\/2&#8243;][vc_column_text]Gemeinsam f\u00fcr eine&hellip;<\/p>\n","protected":false},"author":2,"featured_media":0,"parent":0,"menu_order":29,"comment_status":"closed","ping_status":"closed","template":"","meta":{"_acf_changed":false,"footnotes":"","_links_to":"","_links_to_target":""},"class_list":["post-2178","page","type-page","status-publish","hentry","description-off"],"acf":[],"yoast_head":"<!-- This site is optimized with the Yoast SEO Premium plugin v26.2 (Yoast SEO v27.3) - https:\/\/yoast.com\/product\/yoast-seo-premium-wordpress\/ -->\n<title>Partner &#8211; H2 Core Systems GmbH<\/title>\n<meta name=\"description\" content=\"Erfahren Sie mehr \u00fcber unsere Partnerschaften und wie wir gemeinsam die Zukunft der gr\u00fcnen Wasserstofftechnologie gestalten. Werden Sie Teil unseres H2 Core Systems Netzwerks! Jetzt erkunden.\" \/>\n<meta name=\"robots\" content=\"index, follow, max-snippet:-1, max-image-preview:large, max-video-preview:-1\" \/>\n<link rel=\"canonical\" href=\"https:\/\/www.h2coresystems.com\/de\/partner\/\" \/>\n<meta property=\"og:locale\" content=\"de_DE\" \/>\n<meta property=\"og:type\" content=\"article\" \/>\n<meta property=\"og:title\" content=\"Partner\" \/>\n<meta property=\"og:description\" content=\"Erfahren Sie mehr \u00fcber unsere Partnerschaften und wie wir gemeinsam die Zukunft der gr\u00fcnen Wasserstofftechnologie gestalten. Werden Sie Teil unseres H2 Core Systems Netzwerks! Jetzt erkunden.\" \/>\n<meta property=\"og:url\" content=\"https:\/\/www.h2coresystems.com\/de\/partner\/\" \/>\n<meta property=\"og:site_name\" content=\"H2 Core Systems GmbH\" \/>\n<meta property=\"article:publisher\" content=\"https:\/\/www.facebook.com\/profile.php?id=100083236026860\" \/>\n<meta property=\"article:modified_time\" content=\"2024-11-28T09:04:34+00:00\" \/>\n<meta name=\"twitter:card\" content=\"summary_large_image\" \/>\n<meta name=\"twitter:label1\" content=\"Gesch\u00e4tzte Lesezeit\" \/>\n\t<meta name=\"twitter:data1\" content=\"5\u00a0Minuten\" \/>\n<script type=\"application\/ld+json\" class=\"yoast-schema-graph\">{\"@context\":\"https:\\\/\\\/schema.org\",\"@graph\":[{\"@type\":\"WebPage\",\"@id\":\"https:\\\/\\\/www.h2coresystems.com\\\/de\\\/partner\\\/\",\"url\":\"https:\\\/\\\/www.h2coresystems.com\\\/de\\\/partner\\\/\",\"name\":\"Partner &#8211; H2 Core Systems GmbH\",\"isPartOf\":{\"@id\":\"\\\/#website\"},\"datePublished\":\"2023-01-18T08:38:19+00:00\",\"dateModified\":\"2024-11-28T09:04:34+00:00\",\"description\":\"Erfahren Sie mehr \u00fcber unsere Partnerschaften und wie wir gemeinsam die Zukunft der gr\u00fcnen Wasserstofftechnologie gestalten. Werden Sie Teil unseres H2 Core Systems Netzwerks! Jetzt erkunden.\",\"breadcrumb\":{\"@id\":\"https:\\\/\\\/www.h2coresystems.com\\\/de\\\/partner\\\/#breadcrumb\"},\"inLanguage\":\"de\",\"potentialAction\":[{\"@type\":\"ReadAction\",\"target\":[\"https:\\\/\\\/www.h2coresystems.com\\\/de\\\/partner\\\/\"]}]},{\"@type\":\"BreadcrumbList\",\"@id\":\"https:\\\/\\\/www.h2coresystems.com\\\/de\\\/partner\\\/#breadcrumb\",\"itemListElement\":[{\"@type\":\"ListItem\",\"position\":1,\"name\":\"Startseite\",\"item\":\"https:\\\/\\\/www.h2coresystems.com\\\/de\\\/\"},{\"@type\":\"ListItem\",\"position\":2,\"name\":\"Partner\"}]},{\"@type\":\"WebSite\",\"@id\":\"\\\/#website\",\"url\":\"\\\/\",\"name\":\"H2 Core Systems GmbH\",\"description\":\"Powering the World with green Hydrogen!\",\"publisher\":{\"@id\":\"\\\/#organization\"},\"potentialAction\":[{\"@type\":\"SearchAction\",\"target\":{\"@type\":\"EntryPoint\",\"urlTemplate\":\"\\\/?s={search_term_string}\"},\"query-input\":{\"@type\":\"PropertyValueSpecification\",\"valueRequired\":true,\"valueName\":\"search_term_string\"}}],\"inLanguage\":\"de\"},{\"@type\":\"Organization\",\"@id\":\"\\\/#organization\",\"name\":\"H2 Core Systems\",\"url\":\"\\\/\",\"logo\":{\"@type\":\"ImageObject\",\"inLanguage\":\"de\",\"@id\":\"\\\/#\\\/schema\\\/logo\\\/image\\\/\",\"url\":\"https:\\\/\\\/www.h2coresystems.com\\\/wp-content\\\/uploads\\\/h2core-logo-800.png\",\"contentUrl\":\"https:\\\/\\\/www.h2coresystems.com\\\/wp-content\\\/uploads\\\/h2core-logo-800.png\",\"width\":800,\"height\":479,\"caption\":\"H2 Core Systems\"},\"image\":{\"@id\":\"\\\/#\\\/schema\\\/logo\\\/image\\\/\"},\"sameAs\":[\"https:\\\/\\\/www.facebook.com\\\/profile.php?id=100083236026860\",\"https:\\\/\\\/www.instagram.com\\\/h2coresystems\\\/\"]}]}<\/script>\n<!-- \/ Yoast SEO Premium plugin. -->","yoast_head_json":{"title":"Partner &#8211; H2 Core Systems GmbH","description":"Erfahren Sie mehr \u00fcber unsere Partnerschaften und wie wir gemeinsam die Zukunft der gr\u00fcnen Wasserstofftechnologie gestalten. Werden Sie Teil unseres H2 Core Systems Netzwerks! Jetzt erkunden.","robots":{"index":"index","follow":"follow","max-snippet":"max-snippet:-1","max-image-preview":"max-image-preview:large","max-video-preview":"max-video-preview:-1"},"canonical":"https:\/\/www.h2coresystems.com\/de\/partner\/","og_locale":"de_DE","og_type":"article","og_title":"Partner","og_description":"Erfahren Sie mehr \u00fcber unsere Partnerschaften und wie wir gemeinsam die Zukunft der gr\u00fcnen Wasserstofftechnologie gestalten. Werden Sie Teil unseres H2 Core Systems Netzwerks! Jetzt erkunden.","og_url":"https:\/\/www.h2coresystems.com\/de\/partner\/","og_site_name":"H2 Core Systems GmbH","article_publisher":"https:\/\/www.facebook.com\/profile.php?id=100083236026860","article_modified_time":"2024-11-28T09:04:34+00:00","twitter_card":"summary_large_image","twitter_misc":{"Gesch\u00e4tzte Lesezeit":"5\u00a0Minuten"},"schema":{"@context":"https:\/\/schema.org","@graph":[{"@type":"WebPage","@id":"https:\/\/www.h2coresystems.com\/de\/partner\/","url":"https:\/\/www.h2coresystems.com\/de\/partner\/","name":"Partner &#8211; H2 Core Systems GmbH","isPartOf":{"@id":"\/#website"},"datePublished":"2023-01-18T08:38:19+00:00","dateModified":"2024-11-28T09:04:34+00:00","description":"Erfahren Sie mehr \u00fcber unsere Partnerschaften und wie wir gemeinsam die Zukunft der gr\u00fcnen Wasserstofftechnologie gestalten. Werden Sie Teil unseres H2 Core Systems Netzwerks! Jetzt erkunden.","breadcrumb":{"@id":"https:\/\/www.h2coresystems.com\/de\/partner\/#breadcrumb"},"inLanguage":"de","potentialAction":[{"@type":"ReadAction","target":["https:\/\/www.h2coresystems.com\/de\/partner\/"]}]},{"@type":"BreadcrumbList","@id":"https:\/\/www.h2coresystems.com\/de\/partner\/#breadcrumb","itemListElement":[{"@type":"ListItem","position":1,"name":"Startseite","item":"https:\/\/www.h2coresystems.com\/de\/"},{"@type":"ListItem","position":2,"name":"Partner"}]},{"@type":"WebSite","@id":"\/#website","url":"\/","name":"H2 Core Systems GmbH","description":"Powering the World with green Hydrogen!","publisher":{"@id":"\/#organization"},"potentialAction":[{"@type":"SearchAction","target":{"@type":"EntryPoint","urlTemplate":"\/?s={search_term_string}"},"query-input":{"@type":"PropertyValueSpecification","valueRequired":true,"valueName":"search_term_string"}}],"inLanguage":"de"},{"@type":"Organization","@id":"\/#organization","name":"H2 Core Systems","url":"\/","logo":{"@type":"ImageObject","inLanguage":"de","@id":"\/#\/schema\/logo\/image\/","url":"https:\/\/www.h2coresystems.com\/wp-content\/uploads\/h2core-logo-800.png","contentUrl":"https:\/\/www.h2coresystems.com\/wp-content\/uploads\/h2core-logo-800.png","width":800,"height":479,"caption":"H2 Core Systems"},"image":{"@id":"\/#\/schema\/logo\/image\/"},"sameAs":["https:\/\/www.facebook.com\/profile.php?id=100083236026860","https:\/\/www.instagram.com\/h2coresystems\/"]}]}},"_links":{"self":[{"href":"https:\/\/www.h2coresystems.com\/de\/wp-json\/wp\/v2\/pages\/2178","targetHints":{"allow":["GET"]}}],"collection":[{"href":"https:\/\/www.h2coresystems.com\/de\/wp-json\/wp\/v2\/pages"}],"about":[{"href":"https:\/\/www.h2coresystems.com\/de\/wp-json\/wp\/v2\/types\/page"}],"author":[{"embeddable":true,"href":"https:\/\/www.h2coresystems.com\/de\/wp-json\/wp\/v2\/users\/2"}],"replies":[{"embeddable":true,"href":"https:\/\/www.h2coresystems.com\/de\/wp-json\/wp\/v2\/comments?post=2178"}],"version-history":[{"count":20,"href":"https:\/\/www.h2coresystems.com\/de\/wp-json\/wp\/v2\/pages\/2178\/revisions"}],"predecessor-version":[{"id":5080,"href":"https:\/\/www.h2coresystems.com\/de\/wp-json\/wp\/v2\/pages\/2178\/revisions\/5080"}],"wp:attachment":[{"href":"https:\/\/www.h2coresystems.com\/de\/wp-json\/wp\/v2\/media?parent=2178"}],"curies":[{"name":"wp","href":"https:\/\/api.w.org\/{rel}","templated":true}]}}