{"id":2119,"date":"2023-01-16T14:44:49","date_gmt":"2023-01-16T13:44:49","guid":{"rendered":"https:\/\/www.h2coresystems.com\/about-us\/"},"modified":"2026-01-06T10:11:54","modified_gmt":"2026-01-06T09:11:54","slug":"ueber-uns","status":"publish","type":"page","link":"https:\/\/www.h2coresystems.com\/de\/ueber-uns\/","title":{"rendered":"\u00dcber uns"},"content":{"rendered":"<div class=\"wpb-content-wrapper\"><p>[vc_row content_placement=&#8220;bottom&#8220;][vc_column][vc_column_text el_class=&#8220;h1-prepend-dot&#8220;]<\/p>\n<h1>GR\u00dcNER WASSERSTOFF &#8211; JETZT F\u00dcR JEDEN UND \u00dcBERALL VERF\u00dcGBAR!<\/h1>\n<h2>H2 Core Systems entwickelt, fertigt und wartet modular konfigurierbare Elektrolysesysteme, die jederzeit erweiterbar und skalierbar sind.<\/h2>\n<p>[\/vc_column_text][\/vc_column][\/vc_row][vc_row gap=&#8220;20&#8243; content_placement=&#8220;top&#8220; css=&#8220;.vc_custom_1679482187718{margin-top: 20px !important;}&#8220;][vc_column width=&#8220;1\/2&#8243;][vc_column_text]<span class=\"ui-provider a b c d e f g h i j k l m n o p q r s t u v w x y z ab ac ae af ag ah ai aj ak\" dir=\"ltr\"><strong>H2 Core<\/strong> ist ein Spin-Off eines etablierten Spezialunternehmens f\u00fcr Fluidsystemtechnik und hat entsprechende Erfahrungen mit Gasen in industriellen Anlagen. Wir<\/span>\u00a0sind seit mehr als drei Jahrzehnten ein erfolgreiches Familienunternehmen das besonderen Wert auf vertrauensvolle, langfristige Kundenbeziehungen, partnerschaftliche Zusammenarbeit und ein starkes Team legt.<\/p>\n<p>H2 Core Systems entwickelt, fertigt und wartet modulare, skalierbare Elektrolysesysteme und kombiniert diese mit Erweiterungsoptionen (Brennstoffzellen, Kompressoren und verschiedenen Speicherm\u00f6glichkeiten) zu kompletten Plug &amp; Play Energieversorgungsl\u00f6sungen.[\/vc_column_text][\/vc_column][vc_column width=&#8220;1\/2&#8243;][vc_column_text]Unsere Mission ist es, mit \u00fcber 35 Jahren Erfahrung in der Fluidsystemtechnik in Kombination mit erneuerbaren Energien und neuen Technologien einen Beitrag zu einer ressourcenschonenden und nachhaltigen Energieversorgung weltweit zu leisten.[\/vc_column_text][\/vc_column][\/vc_row][vc_section full_width=&#8220;stretch_row&#8220; el_class=&#8220;bg-white&#8220;][vc_row][vc_column]<div  class=\"vc_row half-width-image-row half-width-image-is-left wpb_row vc_row-fluid vc_row-o-equal-height vc_row-flex flex-center  columnize textblock-margin-40 vc_column-gap-20\"><div class=\"wpb_column vc_column_container vc_col-sm-6 image-column\"><div class=\"vc_column-inner\"><div style=\"width: 100%; height: 100%; background-image: url(https:\/\/www.h2coresystems.com\/wp-content\/uploads\/h2core-weltkugel-qua1200-800x800.jpg); background-size: cover; background-repeat: no-repeat; background-position: 50% 50%;\"><div style=\"width: 100%; height: 100%;\" class=\"inner-overlay bg-cirseg cs-width1 cs-pos-right cs-pos-center\"><\/div><\/div><\/div><\/div><div class=\"wpb_column vc_column_container vc_col-sm-6 text-column\"><div class=\"vc_column-inner\"><div class=\"wpb_wrapper\">\n    <div class=\"wpb_text_column wpb_content_element \" style=\"\">\n        <div class=\"wpb_wrapper\"><h2>Auftrag: Gr\u00fcner Wasserstoff &#8211; f\u00fcr jeden und \u00fcberall verf\u00fcgbar!<\/h2>\n<p>Unsere L\u00f6sungen machen gr\u00fcnen Wasserstoff f\u00fcr jeden und \u00fcberall verf\u00fcgbar, aus 100% erneuerbaren Energiequellen auf standardisierte, flexible und intelligente Weise. Unsere Systeme und Containeranlagen ersetzen fossile Energie durch kohlenstofffreie Alternativen.<\/p>\n<p>&nbsp;<\/p>\n<h2>Unsere Vision:<\/h2>\n<p>Unsere Generation hat eine Chance, die fr\u00fchere Generationen nicht hatten: Wir haben das technische Know-how, um die \u00c4ra der fossilen Brennstoffe zu beenden. Wir wollen in einer Welt leben, in der keine fossilen Brennstoffe mehr verwendet werden und gr\u00fcner Wasserstoff die Welt mit erneuerbaren Energiequellen versorgt. Und mit unseren Produkten geht das ohne gro\u00dfen Aufwand.<\/p>\n<h2><strong data-start=\"191\" data-end=\"214\">Charta der Vielfalt<\/strong><\/h2>\n<p data-start=\"141\" data-end=\"474\">Wir haben die <strong data-start=\"191\" data-end=\"214\">Charta der Vielfalt<\/strong> unterzeichnet und setzen damit ein klares Zeichen f\u00fcr Vielfalt, Toleranz und ein respektvolles Miteinander in unserer Organisation.<br data-start=\"346\" data-end=\"349\" \/>Wir engagieren uns f\u00fcr ein Arbeitsumfeld, das frei von Vorurteilen ist und in dem alle Mitarbeitenden Wertsch\u00e4tzung erfahren.<br \/>\n<a href=\"https:\/\/www.charta-der-vielfalt.de\/\">Charta der Vielfalt Website 2025<\/a><\/p>\n<\/div>\n    <\/div>\n<\/div><\/div><\/div><\/div><div class=\"ult-spacer spacer-69e72ecdbf0cc\" data-id=\"69e72ecdbf0cc\" data-height=\"35\" data-height-mobile=\"35\" data-height-tab=\"35\" data-height-tab-portrait=\"\" data-height-mobile-landscape=\"\" style=\"clear:both;display:block;\"><\/div>[\/vc_column][\/vc_row][vc_row equal_height=&#8220;yes&#8220; bg_type=&#8220;image&#8220; parallax_style=&#8220;vcpb-default&#8220; bg_image_new=&#8220;id^5385|url^https:\/\/www.h2coresystems.com\/wp-content\/uploads\/Newsletter.jpg|caption^null|alt^null|title^Newsletter|description^null&#8220; bg_image_repeat=&#8220;no-repeat&#8220; bg_image_posiiton=&#8220;25% 50%&#8220; css=&#8220;.vc_custom_1743609133105{margin-top: 40px !important;}&#8220;][vc_column width=&#8220;1\/2&#8243; el_class=&#8220;bg-cirseg cs-white cs-200 cs-width1 cs-pos-left cs-pos-center white-text text-shadow&#8220;][vc_column_text css=&#8220;&#8220; el_class=&#8220;supersize-h&#8220;][\/vc_column_text]<div class=\"ult-spacer spacer-69e72ecdbf109\" data-id=\"69e72ecdbf109\" data-height=\"75\" data-height-mobile=\"75\" data-height-tab=\"75\" data-height-tab-portrait=\"\" data-height-mobile-landscape=\"\" style=\"clear:both;display:block;\"><\/div>[\/vc_column][vc_column width=&#8220;1\/2&#8243; css=&#8220;.vc_custom_1743416723548{padding-top: 30px !important;padding-right: 30px !important;padding-bottom: 30px !important;padding-left: 30px !important;}&#8220;][vc_raw_html css=&#8220;.vc_custom_1743417838577{margin-bottom: 0px !important;padding-top: 30px !important;padding-right: 30px !important;padding-bottom: 30px !important;padding-left: 30px !important;background-color: #FFFFFF !important;}&#8220;]JTNDc2NyaXB0JTIwY2hhcnNldCUzRCUyMnV0Zi04JTIyJTIwdHlwZSUzRCUyMnRleHQlMkZqYXZhc2NyaXB0JTIyJTIwc3JjJTNEJTIyJTJGJTJGanMuaHNmb3Jtcy5uZXQlMkZmb3JtcyUyRmVtYmVkJTJGdjIuanMlMjIlM0UlM0MlMkZzY3JpcHQlM0UlMEQlMEElM0NzY3JpcHQlM0UlMEQlMEElMjAlMjBoYnNwdC5mb3Jtcy5jcmVhdGUlMjglN0IlMEQlMEElMjAlMjAlMjAlMjBwb3J0YWxJZCUzQSUyMCUyMjQ5MDIxMDM1JTIyJTJDJTBEJTBBJTIwJTIwJTIwJTIwZm9ybUlkJTNBJTIwJTIyZTJkZGQ0ZjktMDg0Zi00NGJmLTg4OWItYTRkZDhiODJiNjI0JTIyJTJDJTBEJTBBJTIwJTIwJTIwJTIwcmVnaW9uJTNBJTIwJTIybmExJTIyJTBEJTBBJTIwJTIwJTdEJTI5JTNCJTBEJTBBJTNDJTJGc2NyaXB0JTNFJTBEJTBB[\/vc_raw_html][\/vc_column][\/vc_row][vc_row css=&#8220;.vc_custom_1670497883826{padding-top: 80px !important;}&#8220;][vc_column][vc_column_text el_class=&#8220;h1-prepend-dot&#8220;]<\/p>\n<h1>DIE GESCHICHTE VON H2 CORE SYSTEMS<\/h1>\n<p>[\/vc_column_text][vc_row_inner][vc_column_inner width=&#8220;1\/2&#8243;][\/vc_column_inner][vc_column_inner width=&#8220;1\/2&#8243;][\/vc_column_inner][\/vc_row_inner][\/vc_column][\/vc_row][vc_row el_id=&#8220;History&#8220;][vc_column][vc_raw_html el_id=&#8220;HistoryTarget&#8220;]JTNDZGl2JTIwY2xhc3MlM0QlMjJpbm5lci13cmFwJTIyJTNFJTNDJTJGZGl2JTNF[\/vc_raw_html][vc_row_inner el_class=&#8220;history-row&#8220;][vc_column_inner][vc_column_text]<\/p>\n<h3>Nov 2019<\/h3>\n<p>Projektbeteiligung Quarree100 &#8211; erste Gespr\u00e4che mit der Entwicklungsagentur Region Heide und der Enapter AG. Entwicklung der Partnerschaft.[\/vc_column_text][\/vc_column_inner][\/vc_row_inner][vc_row_inner el_class=&#8220;history-row&#8220;][vc_column_inner][vc_column_text]<\/p>\n<h3>Oct 2020<\/h3>\n<p>Gr\u00fcndung von H2 Core Systems.[\/vc_column_text][\/vc_column_inner][\/vc_row_inner][vc_row_inner el_class=&#8220;history-row&#8220;][vc_column_inner][vc_column_text]<\/p>\n<h3>Feb 2021<\/h3>\n<p>Endabnahme des Prototyps -&gt; zertifizierter Partner im Wasserstoffanlagenbau der Enapter AG.[\/vc_column_text][\/vc_column_inner][\/vc_row_inner][vc_row_inner el_class=&#8220;history-row&#8220;][vc_column_inner][vc_column_text]<\/p>\n<h3>Apr 2021<\/h3>\n<p>Start der Serienproduktion.[\/vc_column_text][\/vc_column_inner][\/vc_row_inner][vc_row_inner el_class=&#8220;history-row&#8220;][vc_column_inner][vc_column_text]<\/p>\n<h3>Jun 2021<\/h3>\n<p>Umsetzung erster Projekte, Belieferung von Universit\u00e4ten f\u00fcr Forschung und Entwicklung und Wohnungen + Erweiterung unseres Produktportfolios mit dem HydroCab PowerCore = autarke Energiel\u00f6sung.[\/vc_column_text][\/vc_column_inner][\/vc_row_inner][vc_row_inner el_class=&#8220;history-row&#8220;][vc_column_inner][vc_column_text]<\/p>\n<h3>Nov 2021<\/h3>\n<p>Abschluss der Kompressorentwicklung zur Erg\u00e4nzung unserer kompletten Energiel\u00f6sungen.[\/vc_column_text][\/vc_column_inner][\/vc_row_inner][vc_row_inner el_class=&#8220;history-row feature-1&#8243;][vc_column_inner][vc_column_text]<\/p>\n<h3>Feb 2022<\/h3>\n<p>Houston, Texas &#8211; Installation von HydroCabs zur Gew\u00e4hrleistung der Netzstabilit\u00e4t.[\/vc_column_text][\/vc_column_inner][\/vc_row_inner][vc_row_inner el_class=&#8220;history-row feature-1&#8243;][vc_column_inner][vc_column_text]<\/p>\n<h3>Nov 2022<\/h3>\n<p>Produktion der 200. Seriennummer.[\/vc_column_text][\/vc_column_inner][\/vc_row_inner][vc_row_inner el_class=&#8220;history-row feature-1&#8243;][vc_column_inner][vc_column_text]<\/p>\n<h3>Jan 2023<\/h3>\n<p>Zertifizierung DIN EN ISO 9001:2015[\/vc_column_text][\/vc_column_inner][\/vc_row_inner][vc_row_inner el_class=&#8220;history-row feature-1&#8243;][vc_column_inner][vc_column_text]<\/p>\n<h3>Apr 2023<\/h3>\n<p>Die Kapazit\u00e4t der Serienproduktion wird auf 500 Systeme pro Jahr erweitert.[\/vc_column_text][\/vc_column_inner][\/vc_row_inner][vc_row_inner el_class=&#8220;history-row feature-1&#8243;][vc_column_inner][vc_column_text css=&#8220;&#8220;]<\/p>\n<h3>Jul 2024<\/h3>\n<p>H2 Core AG startet Auslieferung erster Wasserstoffsysteme aus Gesamtauftrag mit Volumen von rd.30 Mio. Euro.[\/vc_column_text][\/vc_column_inner][\/vc_row_inner][\/vc_column][\/vc_row][vc_row][vc_column]<div class=\"flip-box-wrap\" tabindex=\"0\" style=\"padding-bottom:20px;\"><div class=\"flip-box ifb-jq-height  horizontal_flip_left flip-ifb-jq-height\"  style=\"\" ><div class=\"ifb-flip-box\" id=\"flip-box-wrap-2635\"><div class=\"ifb-face ifb-front \" style=\"color:#009fe3;   \">\n\t\t\t\t\t\t\t<div class=\"ifb-flip-box-section \">\n\t\t\t\t\t\t\t<div class=\"flip-box-icon\"><div class=\"ult-just-icon-wrapper  \"><div class=\"align-icon\" style=\"text-align:center;\">\n<div class=\"aio-icon-img \" style=\"font-size:450px;display:inline-block;\" >\n\t<img decoding=\"async\" class=\"img-icon\" alt=\"null\" src=\"https:\/\/www.h2coresystems.com\/wp-content\/uploads\/MockUp-H2CS-Broschuere-A4-l-e1727794576681.jpg\"\/>\n<\/div><\/div><\/div><\/div><h1 class=\"ult-responsive flipbox_heading\"  data-ultimate-target='#flip-box-wrap-2635 .ult-responsive.flipbox_heading'  data-responsive-json-new='{\"font-size\":\"\",\"line-height\":\"\"}'  style=\"color:#009fe3; \">H2 Core Systems: All-In-One H2 Solutions<\/h1><\/div><\/div><!-- END .front -->\n\t\t\t\t\t\t<div class=\"ifb-face ifb-back\" style=\"color:#009fe3;   \">\n\t\t\t\t\t\t\t<div class=\"ifb-flip-box-section \"><h1 class=\"ult-responsive flipbox_heading\"  data-ultimate-target='#flip-box-wrap-2635 .ult-responsive.flipbox_heading'  data-responsive-json-new='{\"font-size\":\"\",\"line-height\":\"\"}'  style=\"color:#009fe3; \">H2 Core Systems: All-In-One H2 Solutions<\/h1><div class=\"ifb-desc-back\"><div class=\"ifb-flip-box-section-content ult-responsive\"  data-ultimate-target='#flip-box-wrap-2635 .ifb-flip-box-section-content.ult-responsive'  data-responsive-json-new='{\"font-size\":\"\",\"line-height\":\"\"}'  style=\"color:#333333;color:#009fe3;\"><p>All-in-One H2-L\u00f6sungen f\u00fcr Energieunabh\u00e4ngigkeit<br \/>\nund langfristige Einsparungen durch nahtlose Integration<br \/>\nvon Elektrolyse, Speicherung und erneuerbarer Energie.<br \/>\nEntdecke mehr in unserer aktuellen Brosch\u00fcre.<\/p><\/div><\/div><div class=\"flip_link\"><a href=\"https:\/\/publish.flyeralarm.digital\/h2-core-systems-complete-hydrogen-storage-solutions-update-2024\/#h2-core-systems-complete-hydrogen-storage-solutions-update\/1\" target=\"_blank\" rel=\"noopener\"  style=\"background:#009fe3; color:#ffffff;\">All-In-One H2 Solutions<\/a><\/div><\/div><\/div><!-- END .back --><\/div> <!-- ifb-flip-box --><\/div> <!-- flip-box --><\/div><!-- End icon block -->[\/vc_column][\/vc_row][\/vc_section][vc_row][vc_column]<div  class=\"download-list wpb_content_element vc_clearfix\"><div class=\"wpb_wrapper\"><h2 class=\"entry-title download-list-heading\">DIN EN ISO 9001:2015 <\/h2><div class=\"uavc-list-icon uavc-list-icon-wrapper ult-adjust-bottom-margin list-icon-wrap \"><ul class=\"uavc-list\"><li class=\"download-list-item\"><div class=\"uavc-list-content\"><a href=\"\/forcedl\/wp-content\/uploads\/65206ms_de.pdf\" class=\"download-link\"><span class=\"aio-icon none colored-icon download-icon\"><i class=\"Defaults-download\"><\/i><\/span><span class=\"uavc-list-desc align-caption-right\"\" style=\"\">DIN EN ISO 9001:2015 DEU <em class=\"caption-filesize\">(PDF, 236.05 KB, 06.01.2026)<\/em><\/span><\/a><\/div><\/li><\/ul><\/div><\/div><\/div>[\/vc_column][\/vc_row][vc_row][vc_column]<div  class=\"download-list wpb_content_element vc_clearfix\"><div class=\"wpb_wrapper\"><h2 class=\"entry-title download-list-heading\">Employer of the future<\/h2><div class=\"uavc-list-icon uavc-list-icon-wrapper ult-adjust-bottom-margin list-icon-wrap \"><ul class=\"uavc-list\"><li class=\"download-list-item\"><div class=\"uavc-list-content\"><a href=\"\/forcedl\/wp-content\/uploads\/URKUNDE-ADZ-H2-Core-Systems-GmbH.pdf\" class=\"download-link\"><span class=\"aio-icon none colored-icon download-icon\"><i class=\"Defaults-download\"><\/i><\/span><span class=\"uavc-list-desc align-caption-right\"\" style=\"\">URKUNDE ADZ H2 Core Systems GmbH <em class=\"caption-filesize\">(PDF, 886.90 KB, 11.04.2023)<\/em><\/span><\/a><\/div><\/li><\/ul><\/div><\/div><\/div>[\/vc_column][\/vc_row][vc_row][vc_column]<div  class=\"download-list wpb_content_element vc_clearfix\"><div class=\"wpb_wrapper\"><h2 class=\"entry-title download-list-heading\">Garantiebedingungen<\/h2><div class=\"uavc-list-icon uavc-list-icon-wrapper ult-adjust-bottom-margin list-icon-wrap \"><ul class=\"uavc-list\"><li class=\"download-list-item\"><div class=\"uavc-list-content\"><a href=\"\/forcedl\/wp-content\/uploads\/Garantiebedingungen_Terms-of-Warranty-H2CS_Nov-2024.pdf\" class=\"download-link\"><span class=\"aio-icon none colored-icon download-icon\"><i class=\"Defaults-download\"><\/i><\/span><span class=\"uavc-list-desc align-caption-right\"\" style=\"\">Garantiebedingungen <em class=\"caption-filesize\">(PDF, 142.21 KB, 08.11.2024)<\/em><\/span><\/a><\/div><\/li><\/ul><\/div><\/div><\/div>[\/vc_column][\/vc_row]<\/p>\n<\/div>","protected":false},"excerpt":{"rendered":"<p>[vc_row content_placement=&#8220;bottom&#8220;][vc_column][vc_column_text el_class=&#8220;h1-prepend-dot&#8220;] GR\u00dcNER WASSERSTOFF &#8211; JETZT F\u00dcR JEDEN UND \u00dcBERALL VERF\u00dcGBAR! H2 Core Systems entwickelt, fertigt und wartet modular konfigurierbare Elektrolysesysteme, die jederzeit erweiterbar und skalierbar sind. [\/vc_column_text][\/vc_column][\/vc_row][vc_row gap=&#8220;20&#8243; content_placement=&#8220;top&#8220; css=&#8220;.vc_custom_1679482187718{margin-top: 20px !important;}&#8220;][vc_column width=&#8220;1\/2&#8243;][vc_column_text]H2 Core ist ein Spin-Off eines etablierten Spezialunternehmens f\u00fcr Fluidsystemtechnik und hat entsprechende Erfahrungen mit Gasen in industriellen Anlagen. Wir\u00a0sind seit&hellip;<\/p>\n","protected":false},"author":1,"featured_media":0,"parent":0,"menu_order":18,"comment_status":"closed","ping_status":"closed","template":"","meta":{"_acf_changed":false,"footnotes":"","_links_to":"","_links_to_target":""},"class_list":["post-2119","page","type-page","status-publish","hentry","description-off"],"acf":[],"yoast_head":"<!-- This site is optimized with the Yoast SEO Premium plugin v26.2 (Yoast SEO v27.3) - https:\/\/yoast.com\/product\/yoast-seo-premium-wordpress\/ -->\n<title>\u00dcber uns &#8211; H2 Core Systems GmbH<\/title>\n<meta name=\"description\" content=\"Erfahren Sie mehr \u00fcber modulare Elektrolysesysteme von H2 Core Systems. Wir bieten skalierbare L\u00f6sungen f\u00fcr die Energieversorgung, kombiniert mit Brennstoffzellen und Speicherm\u00f6glichkeiten.\" \/>\n<meta name=\"robots\" content=\"index, follow, max-snippet:-1, max-image-preview:large, max-video-preview:-1\" \/>\n<link rel=\"canonical\" href=\"https:\/\/www.h2coresystems.com\/de\/ueber-uns\/\" \/>\n<meta property=\"og:locale\" content=\"de_DE\" \/>\n<meta property=\"og:type\" content=\"article\" \/>\n<meta property=\"og:title\" content=\"\u00dcber uns\" \/>\n<meta property=\"og:description\" content=\"Erfahren Sie mehr \u00fcber modulare Elektrolysesysteme von H2 Core Systems. Wir bieten skalierbare L\u00f6sungen f\u00fcr die Energieversorgung, kombiniert mit Brennstoffzellen und Speicherm\u00f6glichkeiten.\" \/>\n<meta property=\"og:url\" content=\"https:\/\/www.h2coresystems.com\/de\/ueber-uns\/\" \/>\n<meta property=\"og:site_name\" content=\"H2 Core Systems GmbH\" \/>\n<meta property=\"article:publisher\" content=\"https:\/\/www.facebook.com\/profile.php?id=100083236026860\" \/>\n<meta property=\"article:modified_time\" content=\"2026-01-06T09:11:54+00:00\" \/>\n<meta name=\"twitter:card\" content=\"summary_large_image\" \/>\n<meta name=\"twitter:label1\" content=\"Gesch\u00e4tzte Lesezeit\" \/>\n\t<meta name=\"twitter:data1\" content=\"4\u00a0Minuten\" \/>\n<script type=\"application\/ld+json\" class=\"yoast-schema-graph\">{\"@context\":\"https:\\\/\\\/schema.org\",\"@graph\":[{\"@type\":\"WebPage\",\"@id\":\"https:\\\/\\\/www.h2coresystems.com\\\/de\\\/ueber-uns\\\/\",\"url\":\"https:\\\/\\\/www.h2coresystems.com\\\/de\\\/ueber-uns\\\/\",\"name\":\"\u00dcber uns &#8211; H2 Core Systems GmbH\",\"isPartOf\":{\"@id\":\"\\\/#website\"},\"datePublished\":\"2023-01-16T13:44:49+00:00\",\"dateModified\":\"2026-01-06T09:11:54+00:00\",\"description\":\"Erfahren Sie mehr \u00fcber modulare Elektrolysesysteme von H2 Core Systems. Wir bieten skalierbare L\u00f6sungen f\u00fcr die Energieversorgung, kombiniert mit Brennstoffzellen und Speicherm\u00f6glichkeiten.\",\"breadcrumb\":{\"@id\":\"https:\\\/\\\/www.h2coresystems.com\\\/de\\\/ueber-uns\\\/#breadcrumb\"},\"inLanguage\":\"de\",\"potentialAction\":[{\"@type\":\"ReadAction\",\"target\":[\"https:\\\/\\\/www.h2coresystems.com\\\/de\\\/ueber-uns\\\/\"]}]},{\"@type\":\"BreadcrumbList\",\"@id\":\"https:\\\/\\\/www.h2coresystems.com\\\/de\\\/ueber-uns\\\/#breadcrumb\",\"itemListElement\":[{\"@type\":\"ListItem\",\"position\":1,\"name\":\"Startseite\",\"item\":\"https:\\\/\\\/www.h2coresystems.com\\\/de\\\/\"},{\"@type\":\"ListItem\",\"position\":2,\"name\":\"\u00dcber uns\"}]},{\"@type\":\"WebSite\",\"@id\":\"\\\/#website\",\"url\":\"\\\/\",\"name\":\"H2 Core Systems GmbH\",\"description\":\"Powering the World with green Hydrogen!\",\"publisher\":{\"@id\":\"\\\/#organization\"},\"potentialAction\":[{\"@type\":\"SearchAction\",\"target\":{\"@type\":\"EntryPoint\",\"urlTemplate\":\"\\\/?s={search_term_string}\"},\"query-input\":{\"@type\":\"PropertyValueSpecification\",\"valueRequired\":true,\"valueName\":\"search_term_string\"}}],\"inLanguage\":\"de\"},{\"@type\":\"Organization\",\"@id\":\"\\\/#organization\",\"name\":\"H2 Core Systems\",\"url\":\"\\\/\",\"logo\":{\"@type\":\"ImageObject\",\"inLanguage\":\"de\",\"@id\":\"\\\/#\\\/schema\\\/logo\\\/image\\\/\",\"url\":\"https:\\\/\\\/www.h2coresystems.com\\\/wp-content\\\/uploads\\\/h2core-logo-800.png\",\"contentUrl\":\"https:\\\/\\\/www.h2coresystems.com\\\/wp-content\\\/uploads\\\/h2core-logo-800.png\",\"width\":800,\"height\":479,\"caption\":\"H2 Core Systems\"},\"image\":{\"@id\":\"\\\/#\\\/schema\\\/logo\\\/image\\\/\"},\"sameAs\":[\"https:\\\/\\\/www.facebook.com\\\/profile.php?id=100083236026860\",\"https:\\\/\\\/www.instagram.com\\\/h2coresystems\\\/\"]}]}<\/script>\n<!-- \/ Yoast SEO Premium plugin. -->","yoast_head_json":{"title":"\u00dcber uns &#8211; H2 Core Systems GmbH","description":"Erfahren Sie mehr \u00fcber modulare Elektrolysesysteme von H2 Core Systems. Wir bieten skalierbare L\u00f6sungen f\u00fcr die Energieversorgung, kombiniert mit Brennstoffzellen und Speicherm\u00f6glichkeiten.","robots":{"index":"index","follow":"follow","max-snippet":"max-snippet:-1","max-image-preview":"max-image-preview:large","max-video-preview":"max-video-preview:-1"},"canonical":"https:\/\/www.h2coresystems.com\/de\/ueber-uns\/","og_locale":"de_DE","og_type":"article","og_title":"\u00dcber uns","og_description":"Erfahren Sie mehr \u00fcber modulare Elektrolysesysteme von H2 Core Systems. Wir bieten skalierbare L\u00f6sungen f\u00fcr die Energieversorgung, kombiniert mit Brennstoffzellen und Speicherm\u00f6glichkeiten.","og_url":"https:\/\/www.h2coresystems.com\/de\/ueber-uns\/","og_site_name":"H2 Core Systems GmbH","article_publisher":"https:\/\/www.facebook.com\/profile.php?id=100083236026860","article_modified_time":"2026-01-06T09:11:54+00:00","twitter_card":"summary_large_image","twitter_misc":{"Gesch\u00e4tzte Lesezeit":"4\u00a0Minuten"},"schema":{"@context":"https:\/\/schema.org","@graph":[{"@type":"WebPage","@id":"https:\/\/www.h2coresystems.com\/de\/ueber-uns\/","url":"https:\/\/www.h2coresystems.com\/de\/ueber-uns\/","name":"\u00dcber uns &#8211; H2 Core Systems GmbH","isPartOf":{"@id":"\/#website"},"datePublished":"2023-01-16T13:44:49+00:00","dateModified":"2026-01-06T09:11:54+00:00","description":"Erfahren Sie mehr \u00fcber modulare Elektrolysesysteme von H2 Core Systems. Wir bieten skalierbare L\u00f6sungen f\u00fcr die Energieversorgung, kombiniert mit Brennstoffzellen und Speicherm\u00f6glichkeiten.","breadcrumb":{"@id":"https:\/\/www.h2coresystems.com\/de\/ueber-uns\/#breadcrumb"},"inLanguage":"de","potentialAction":[{"@type":"ReadAction","target":["https:\/\/www.h2coresystems.com\/de\/ueber-uns\/"]}]},{"@type":"BreadcrumbList","@id":"https:\/\/www.h2coresystems.com\/de\/ueber-uns\/#breadcrumb","itemListElement":[{"@type":"ListItem","position":1,"name":"Startseite","item":"https:\/\/www.h2coresystems.com\/de\/"},{"@type":"ListItem","position":2,"name":"\u00dcber uns"}]},{"@type":"WebSite","@id":"\/#website","url":"\/","name":"H2 Core Systems GmbH","description":"Powering the World with green Hydrogen!","publisher":{"@id":"\/#organization"},"potentialAction":[{"@type":"SearchAction","target":{"@type":"EntryPoint","urlTemplate":"\/?s={search_term_string}"},"query-input":{"@type":"PropertyValueSpecification","valueRequired":true,"valueName":"search_term_string"}}],"inLanguage":"de"},{"@type":"Organization","@id":"\/#organization","name":"H2 Core Systems","url":"\/","logo":{"@type":"ImageObject","inLanguage":"de","@id":"\/#\/schema\/logo\/image\/","url":"https:\/\/www.h2coresystems.com\/wp-content\/uploads\/h2core-logo-800.png","contentUrl":"https:\/\/www.h2coresystems.com\/wp-content\/uploads\/h2core-logo-800.png","width":800,"height":479,"caption":"H2 Core Systems"},"image":{"@id":"\/#\/schema\/logo\/image\/"},"sameAs":["https:\/\/www.facebook.com\/profile.php?id=100083236026860","https:\/\/www.instagram.com\/h2coresystems\/"]}]}},"_links":{"self":[{"href":"https:\/\/www.h2coresystems.com\/de\/wp-json\/wp\/v2\/pages\/2119","targetHints":{"allow":["GET"]}}],"collection":[{"href":"https:\/\/www.h2coresystems.com\/de\/wp-json\/wp\/v2\/pages"}],"about":[{"href":"https:\/\/www.h2coresystems.com\/de\/wp-json\/wp\/v2\/types\/page"}],"author":[{"embeddable":true,"href":"https:\/\/www.h2coresystems.com\/de\/wp-json\/wp\/v2\/users\/1"}],"replies":[{"embeddable":true,"href":"https:\/\/www.h2coresystems.com\/de\/wp-json\/wp\/v2\/comments?post=2119"}],"version-history":[{"count":38,"href":"https:\/\/www.h2coresystems.com\/de\/wp-json\/wp\/v2\/pages\/2119\/revisions"}],"predecessor-version":[{"id":5752,"href":"https:\/\/www.h2coresystems.com\/de\/wp-json\/wp\/v2\/pages\/2119\/revisions\/5752"}],"wp:attachment":[{"href":"https:\/\/www.h2coresystems.com\/de\/wp-json\/wp\/v2\/media?parent=2119"}],"curies":[{"name":"wp","href":"https:\/\/api.w.org\/{rel}","templated":true}]}}