{"id":130,"date":"2022-10-05T12:47:28","date_gmt":"2022-10-05T10:47:28","guid":{"rendered":"https:\/\/h2core.by-nordzuwort.de\/?page_id=130"},"modified":"2026-04-15T13:49:31","modified_gmt":"2026-04-15T11:49:31","slug":"h2-core-systems-gruener-wasserstoff-fuer-eine-globale-zukunft","status":"publish","type":"page","link":"https:\/\/www.h2coresystems.com\/de\/","title":{"rendered":"Home"},"content":{"rendered":"<div class=\"wpb-content-wrapper\"><p>[vc_row][vc_column]<div id=\"ultib3-302068060569e49a2f66fbe\" class=\" ultb3-box ult-adjust-bottom-margin  \" style=\"background-color: #4ED2F4;\"><img decoding=\"async\" src=\"https:\/\/www.h2coresystems.com\/wp-content\/uploads\/News-Hyviva-Teaser-Hannover-2026.jpg\" style=\"\" class=\"ultb3-img ultb3-img-top-left\" alt=\"null\"\/><div id=\"Info-banner-wrap7047\" class=\"ultb3-info ib3-info-right\" data-animation=\"\" data-animation-delay=\"03\"><h2 class=\"ultb3-title ult-responsive\"  data-ultimate-target='#Info-banner-wrap7047 .ultb3-title'  data-responsive-json-new='{\"font-size\":\"\",\"line-height\":\"\"}'  style=\"font-weight:normal;\">News<\/h2><div class=\"ultb3-desc ult-responsive\"  data-ultimate-target='#Info-banner-wrap7047 .ultb3-desc'  data-responsive-json-new='{\"font-size\":\"\",\"line-height\":\"\"}'  style=\"font-weight:normal;\">Vom 20. bis 24. April pr\u00e4sentiert H2 Core Systems<br \/>\ndas wegweisende HyvivaGrid-System<br \/>\nauf der Hannover Messe.<\/div><a href=\"https:\/\/www.h2coresystems.com\/de\/hannover-messe-2026-20260415\/\"  class=\"ultb3-btn ult-responsive\"  data-ultimate-target='#Info-banner-wrap7047 .ultb3-btn'  data-responsive-json-new='{\"font-size\":\"\",\"line-height\":\"\"}'  style=\"font-weight:normal;\">Zum Beitrag<i class=\"Defaults-angle-right\"><\/i><\/a><\/div><\/div><style>\n\t\t\t\t\t#ultib3-302068060569e49a2f66fbe {\n\t\t\t\t\t\tmin-height:50px;\n\t\t\t\t\t}\n\t\t\t\t\t#ultib3-302068060569e49a2f66fbe img.ultb3-img {\n\t\t\t\t\t\theight: px;\n\t\t\t\t\t}\n\t\t\t\t\t#ultib3-302068060569e49a2f66fbe .ultb3-btn {\n\t\t\t\t\t\tborder:2px solid #FFFFFF;border-radius:50px;color:#FFFFFF;\n\t\t\t\t\t}\n\t\t\t\t\t#ultib3-302068060569e49a2f66fbe .ultb3-btn:hover {\n\t\t\t\t\t\tbackground:#FFFFFF;color:#ffffff;\n\t\t\t\t\t}\n\t\t\t\t\t#ultib3-302068060569e49a2f66fbe .ultb3-btn:focus {\n\t\t\t\t\t\toutline: 2px solid #005fcc;\n\t\t\t\t\t\toutline-offset: 2px;\n\t\t\t\t\t}\n\t\t\t\t<\/style><div class=\"ult-spacer spacer-69e49a2f670b1\" data-id=\"69e49a2f670b1\" data-height=\"20\" data-height-mobile=\"20\" data-height-tab=\"20\" data-height-tab-portrait=\"\" data-height-mobile-landscape=\"\" style=\"clear:both;display:block;\"><\/div>[\/vc_column][\/vc_row][vc_row content_placement=&#8220;bottom&#8220;][vc_column][vc_column_text el_class=&#8220;h1-prepend-dot h2-prepend-dot&#8220;]<\/p>\n<h1>H2 CORE SYSTEMS \u00dcBERALL AUF DER WELT<\/h1>\n<h3>Gr\u00fcner Wasserstoff f\u00fcr alle und \u00fcberall.<\/h3>\n<p>[\/vc_column_text][vc_row_inner][vc_column_inner width=&#8220;1\/2&#8243;][vc_column_text css=&#8220;&#8220;]Unsere L\u00f6sungen machen gr\u00fcnen Wasserstoff f\u00fcr jeden und \u00fcberall verf\u00fcgbar, aus 100% erneuerbaren Energiequellen auf standardisierte, flexible und intelligente Weise. Unsere Systeme ersetzen fossile Energie durch kohlenstofffreie Alternativen.<\/p>\n<p>H2 Core Systems entwickelt, fertigt und wartet modular konfigurierbare Elektrolysesysteme, die jederzeit erweiterbar und skalierbar sind. Die perfekten L\u00f6sungen in Kombination mit Photovoltaik- oder Windkraftanlagen f\u00fcr eine dezentrale, autarke und gr\u00fcne Energieversorgung, die weltweit genutzt werden kann.<\/p>\n<p>[\/vc_column_text][\/vc_column_inner][vc_column_inner width=&#8220;1\/2&#8243;][vc_column_text css=&#8220;&#8220;]Durch die Kombination unseres Know-hows \u00fcber Fl\u00fcssigkeitssysteme mit innovativen Elektrolyseuren und einem modernen Energiemanagementsystem (EMS) bauen wir Ihre standardisierte, flexible und intelligente Energiesysteml\u00f6sung.<\/p>\n<p>Mit unserer Erfahrung im Bereich industrieller Dienstleistungen bauen, modernisieren und warten wir Ihre Systeme in jedem Lebenszyklus-Status.<\/p>\n<h3>Die Energiewende kann JETZT beginnen!<\/h3>\n<p>[\/vc_column_text][\/vc_column_inner][\/vc_row_inner][vc_raw_html]JTVCZGlzcGxheS1tYXAlMjBpZCUzRCUyNzEwNjAlMjclNUQlMEElMEE=[\/vc_raw_html][\/vc_column][\/vc_row][vc_row css=&#8220;.vc_custom_1678959577605{padding-top: 30px !important;padding-bottom: 50px !important;}&#8220;][vc_column el_class=&#8220;quote green-text&#8220; offset=&#8220;vc_col-md-offset-1 vc_col-md-10&#8243;][vc_column_text]<\/p>\n<h3 style=\"text-align: center;\"><strong>Unser Ziel ist es, unsere Erfahrung in Kombination mit erneuerbaren Energien und neuen Technologien zu nutzen, um uns f\u00fcr eine &#8222;gr\u00fcne und nachhaltige Zukunft&#8220; einzusetzen. Wir wollen den gesellschaftlichen Wandel durch ressourcenschonendes, intelligentes und zielorientiertes Handeln inspirieren. Von der Natur angetrieben werden!<\/strong><\/h3>\n<p>[\/vc_column_text][\/vc_column][\/vc_row][vc_row][vc_column]<div class=\"flip-box-wrap\" tabindex=\"0\" style=\"padding-bottom:20px;\"><div class=\"flip-box ifb-jq-height  horizontal_flip_left flip-ifb-jq-height\"  style=\"\" ><div class=\"ifb-flip-box\" id=\"flip-box-wrap-7567\"><div class=\"ifb-face ifb-front \" style=\"color:#009fe3;   \">\n\t\t\t\t\t\t\t<div class=\"ifb-flip-box-section \">\n\t\t\t\t\t\t\t<div class=\"flip-box-icon\"><div class=\"ult-just-icon-wrapper  \"><div class=\"align-icon\" style=\"text-align:center;\">\n<div class=\"aio-icon-img \" style=\"font-size:450px;display:inline-block;\" >\n\t<img decoding=\"async\" class=\"img-icon\" alt=\"null\" src=\"https:\/\/www.h2coresystems.com\/wp-content\/uploads\/MockUp-H2CS-Broschuere-A4-l-e1727794576681.jpg\"\/>\n<\/div><\/div><\/div><\/div><h1 class=\"ult-responsive flipbox_heading\"  data-ultimate-target='#flip-box-wrap-7567 .ult-responsive.flipbox_heading'  data-responsive-json-new='{\"font-size\":\"\",\"line-height\":\"\"}'  style=\"color:#009fe3; \">H2 Core Systems: All-In-One H2 Solutions<\/h1><\/div><\/div><!-- END .front -->\n\t\t\t\t\t\t<div class=\"ifb-face ifb-back\" style=\"color:#009fe3;   \">\n\t\t\t\t\t\t\t<div class=\"ifb-flip-box-section \"><h1 class=\"ult-responsive flipbox_heading\"  data-ultimate-target='#flip-box-wrap-7567 .ult-responsive.flipbox_heading'  data-responsive-json-new='{\"font-size\":\"\",\"line-height\":\"\"}'  style=\"color:#009fe3; \">H2 Core Systems: All-In-One Solutions<\/h1><div class=\"ifb-desc-back\"><div class=\"ifb-flip-box-section-content ult-responsive\"  data-ultimate-target='#flip-box-wrap-7567 .ifb-flip-box-section-content.ult-responsive'  data-responsive-json-new='{\"font-size\":\"\",\"line-height\":\"\"}'  style=\"color:#333333;color:#009fe3;\"><p>All-in-One H2-L\u00f6sungen f\u00fcr Energieunabh\u00e4ngigkeit<br \/>\nund langfristige Einsparungen durch nahtlose Integration<br \/>\nvon Elektrolyse, Speicherung und erneuerbarer Energie.<br \/>\nEntdecke mehr in unserer aktuellen Brosch\u00fcre.<\/p><\/div><\/div><div class=\"flip_link\"><a href=\"https:\/\/publish.flyeralarm.digital\/h2-core-systems-06-2025\/#h2-core-systems\/1\" title=\"Complete Hydrogen Solutions by H2 Core Systems\" target=\"_blank\" rel=\"noopener\"  style=\"background:#009fe3; color:#ffffff;\">All-In-One H2 Solutions<\/a><\/div><\/div><\/div><!-- END .back --><\/div> <!-- ifb-flip-box --><\/div> <!-- flip-box --><\/div><!-- End icon block -->[\/vc_column][\/vc_row][vc_row equal_height=&#8220;yes&#8220; bg_type=&#8220;image&#8220; parallax_style=&#8220;vcpb-default&#8220; bg_image_new=&#8220;id^5385|url^https:\/\/www.h2coresystems.com\/wp-content\/uploads\/Newsletter.jpg|caption^null|alt^null|title^Newsletter|description^null&#8220; bg_image_repeat=&#8220;no-repeat&#8220; bg_image_posiiton=&#8220;25% 50%&#8220; css=&#8220;.vc_custom_1743609168104{margin-top: 40px !important;margin-bottom: 100px !important;}&#8220;][vc_column width=&#8220;1\/2&#8243; el_class=&#8220;bg-cirseg cs-white cs-200 cs-width1 cs-pos-left cs-pos-center white-text text-shadow&#8220;][vc_column_text css=&#8220;&#8220; el_class=&#8220;supersize-h&#8220;][\/vc_column_text]<div class=\"ult-spacer spacer-69e49a2f67e01\" data-id=\"69e49a2f67e01\" data-height=\"75\" data-height-mobile=\"75\" data-height-tab=\"75\" data-height-tab-portrait=\"\" data-height-mobile-landscape=\"\" style=\"clear:both;display:block;\"><\/div>[\/vc_column][vc_column width=&#8220;1\/2&#8243; css=&#8220;.vc_custom_1743416723548{padding-top: 30px !important;padding-right: 30px !important;padding-bottom: 30px !important;padding-left: 30px !important;}&#8220;][vc_raw_html css=&#8220;.vc_custom_1743417692169{margin-bottom: 0px !important;padding-top: 30px !important;padding-right: 30px !important;padding-bottom: 30px !important;padding-left: 30px !important;background-color: #FFFFFF !important;}&#8220;]JTNDc2NyaXB0JTIwY2hhcnNldCUzRCUyMnV0Zi04JTIyJTIwdHlwZSUzRCUyMnRleHQlMkZqYXZhc2NyaXB0JTIyJTIwc3JjJTNEJTIyJTJGJTJGanMuaHNmb3Jtcy5uZXQlMkZmb3JtcyUyRmVtYmVkJTJGdjIuanMlMjIlM0UlM0MlMkZzY3JpcHQlM0UlMEQlMEElM0NzY3JpcHQlM0UlMEQlMEElMjAlMjBoYnNwdC5mb3Jtcy5jcmVhdGUlMjglN0IlMEQlMEElMjAlMjAlMjAlMjBwb3J0YWxJZCUzQSUyMCUyMjQ5MDIxMDM1JTIyJTJDJTBEJTBBJTIwJTIwJTIwJTIwZm9ybUlkJTNBJTIwJTIyZTJkZGQ0ZjktMDg0Zi00NGJmLTg4OWItYTRkZDhiODJiNjI0JTIyJTJDJTBEJTBBJTIwJTIwJTIwJTIwcmVnaW9uJTNBJTIwJTIybmExJTIyJTBEJTBBJTIwJTIwJTdEJTI5JTNCJTBEJTBBJTNDJTJGc2NyaXB0JTNFJTBEJTBB[\/vc_raw_html][\/vc_column][\/vc_row][vc_row bg_type=&#8220;image&#8220; parallax_style=&#8220;vcpb-default&#8220; bg_image_new=&#8220;id^1482|url^https:\/\/www.h2coresystems.com\/wp-content\/uploads\/content_full_become-a-part-blue3.jpg|caption^null|alt^null|title^Content Full Become A Part Blue3|description^null&#8220; bg_image_repeat=&#8220;no-repeat&#8220; bg_image_posiiton=&#8220;50% 50%&#8220; el_class=&#8220;bg-cyan halfbg-image&#8220;][vc_column el_class=&#8220;bg-cirseg cs-halfbg-image cs-width2 cs-pos-left cs-pos-center white-text&#8220;][vc_row_inner content_placement=&#8220;bottom&#8220;][vc_column_inner][vc_column_text css=&#8220;&#8220; el_class=&#8220;supersize-h&#8220;]<\/p>\n<h2><a href=\"https:\/\/www.h2coresystems.com\/de\/karriere\/\">Werde auch Du ein Teil<\/a><br \/>\nder HydroGeneration<\/h2>\n<p>[\/vc_column_text][vc_column_text css=&#8220;&#8220;]<\/p>\n<h2>und schlie\u00dfe Dich unserem enthusiastischen Team an, um sich f\u00fcr eine gr\u00fcne und nachhaltige Zukunft einzusetzen!<\/h2>\n<p>[\/vc_column_text][\/vc_column_inner][\/vc_row_inner][vc_row_inner content_placement=&#8220;bottom&#8220;][vc_column_inner][vc_single_image image=&#8220;347&#8243; img_size=&#8220;full&#8220; alignment=&#8220;center&#8220; css=&#8220;.vc_custom_1669195950455{padding-right: 20% !important;padding-left: 20% !important;}&#8220; el_class=&#8220;regular-width&#8220;][vc_column_text css=&#8220;&#8220;]<\/p>\n<h3>Erfahre mehr \u00fcber unsere <a href=\"https:\/\/www.h2coresystems.com\/de\/karriere-wasserstoff\/\" target=\"_blank\" rel=\"noopener\">offenen Stellen hier<\/a>. Sende Deine Bewerbung an <em><a href=\"mailto:application@h2coresystems.com\">application@h2coresystems.com<\/a><\/em>.<\/h3>\n<h3>F\u00fcr telefonische Anfragen stehen wir Dir gerne zur Verf\u00fcgung (<span data-olk-copy-source=\"MessageBody\">+49 157 77 41 61 09<\/span>).<\/h3>\n<p>[\/vc_column_text][\/vc_column_inner][\/vc_row_inner][\/vc_column][\/vc_row][vc_row content_placement=&#8220;bottom&#8220; css=&#8220;.vc_custom_1669197676117{margin-top: 80px !important;margin-bottom: 150px !important;}&#8220;][vc_column width=&#8220;5\/6&#8243; offset=&#8220;vc_col-sm-offset-1&#8243;][vc_column_text el_class=&#8220;h2-prepend-dot&#8220;]<\/p>\n<h2>Unsere Partner<\/h2>\n<p>[\/vc_column_text][vc_column_text css=&#8220;.vc_custom_1690457410859{margin-bottom: 50px !important;}&#8220;]<\/p>\n<h3>Was w\u00e4re das Leben ohne Teamwork?!<\/h3>\n<h3>Wir sind stolz auf unser gro\u00dfes Partnernetzwerk, das st\u00e4ndig w\u00e4chst. Gemeinsam machen wir die Welt gr\u00fcner!<\/h3>\n<p>[\/vc_column_text][vc_media_grid element_width=&#8220;3&#8243; gap=&#8220;0&#8243; item=&#8220;321&#8243; css=&#8220;&#8220; grid_id=&#8220;vc_gid:1776253746007-4500b6ca-4920-6&#8243; include=&#8220;268,272,276,292,1949,1405,280,300,296,288,1401,1403,4684,4818&#8243; el_class=&#8220;partner-grid&#8220;][\/vc_column][\/vc_row]<\/p>\n<\/div>","protected":false},"excerpt":{"rendered":"<p>[vc_row][vc_column][\/vc_column][\/vc_row][vc_row content_placement=&#8220;bottom&#8220;][vc_column][vc_column_text el_class=&#8220;h1-prepend-dot h2-prepend-dot&#8220;] H2 CORE SYSTEMS \u00dcBERALL AUF DER WELT Gr\u00fcner Wasserstoff f\u00fcr alle und \u00fcberall. [\/vc_column_text][vc_row_inner][vc_column_inner width=&#8220;1\/2&#8243;][vc_column_text css=&#8220;&#8220;]Unsere L\u00f6sungen machen gr\u00fcnen Wasserstoff f\u00fcr jeden und \u00fcberall verf\u00fcgbar, aus 100% erneuerbaren Energiequellen auf standardisierte, flexible und intelligente Weise. Unsere Systeme ersetzen fossile Energie durch kohlenstofffreie Alternativen. H2 Core Systems entwickelt, fertigt und wartet modular&hellip;<\/p>\n","protected":false},"author":1,"featured_media":0,"parent":0,"menu_order":25,"comment_status":"closed","ping_status":"closed","template":"","meta":{"_acf_changed":false,"footnotes":"","_links_to":"","_links_to_target":""},"class_list":["post-130","page","type-page","status-publish","hentry","description-off"],"acf":[],"yoast_head":"<!-- This site is optimized with the Yoast SEO Premium plugin v26.2 (Yoast SEO v27.3) - https:\/\/yoast.com\/product\/yoast-seo-premium-wordpress\/ -->\n<title>Home &#8211; H2 Core Systems GmbH<\/title>\n<meta name=\"description\" content=\"H2 Core Systems: Entdecke die gr\u00fcnen Wasserstoffl\u00f6sungen von H2 Core Systems und gestalte eine nachhaltige Zukunft. Jetzt mehr erfahren!\" \/>\n<meta name=\"robots\" content=\"index, follow, max-snippet:-1, max-image-preview:large, max-video-preview:-1\" \/>\n<link rel=\"canonical\" href=\"https:\/\/www.h2coresystems.com\/de\/\" \/>\n<meta property=\"og:locale\" content=\"de_DE\" \/>\n<meta property=\"og:type\" content=\"article\" \/>\n<meta property=\"og:title\" content=\"Home\" \/>\n<meta property=\"og:description\" content=\"H2 Core Systems: Entdecke die gr\u00fcnen Wasserstoffl\u00f6sungen von H2 Core Systems und gestalte eine nachhaltige Zukunft. Jetzt mehr erfahren!\" \/>\n<meta property=\"og:url\" content=\"https:\/\/www.h2coresystems.com\/de\/\" \/>\n<meta property=\"og:site_name\" content=\"H2 Core Systems GmbH\" \/>\n<meta property=\"article:publisher\" content=\"https:\/\/www.facebook.com\/profile.php?id=100083236026860\" \/>\n<meta property=\"article:modified_time\" content=\"2026-04-15T11:49:31+00:00\" \/>\n<meta name=\"twitter:card\" content=\"summary_large_image\" \/>\n<meta name=\"twitter:label1\" content=\"Gesch\u00e4tzte Lesezeit\" \/>\n\t<meta name=\"twitter:data1\" content=\"5\u00a0Minuten\" \/>\n<script type=\"application\/ld+json\" class=\"yoast-schema-graph\">{\"@context\":\"https:\\\/\\\/schema.org\",\"@graph\":[{\"@type\":\"WebPage\",\"@id\":\"https:\\\/\\\/www.h2coresystems.com\\\/de\\\/\",\"url\":\"https:\\\/\\\/www.h2coresystems.com\\\/de\\\/\",\"name\":\"Home &#8211; H2 Core Systems GmbH\",\"isPartOf\":{\"@id\":\"\\\/#website\"},\"datePublished\":\"2022-10-05T10:47:28+00:00\",\"dateModified\":\"2026-04-15T11:49:31+00:00\",\"description\":\"H2 Core Systems: Entdecke die gr\u00fcnen Wasserstoffl\u00f6sungen von H2 Core Systems und gestalte eine nachhaltige Zukunft. Jetzt mehr erfahren!\",\"breadcrumb\":{\"@id\":\"https:\\\/\\\/www.h2coresystems.com\\\/de\\\/#breadcrumb\"},\"inLanguage\":\"de\",\"potentialAction\":[{\"@type\":\"ReadAction\",\"target\":[\"https:\\\/\\\/www.h2coresystems.com\\\/de\\\/\"]}]},{\"@type\":\"BreadcrumbList\",\"@id\":\"https:\\\/\\\/www.h2coresystems.com\\\/de\\\/#breadcrumb\",\"itemListElement\":[{\"@type\":\"ListItem\",\"position\":1,\"name\":\"Startseite\",\"item\":\"https:\\\/\\\/www.h2coresystems.com\\\/de\\\/\"},{\"@type\":\"ListItem\",\"position\":2,\"name\":\"Home\"}]},{\"@type\":\"WebSite\",\"@id\":\"\\\/#website\",\"url\":\"\\\/\",\"name\":\"H2 Core Systems GmbH\",\"description\":\"Powering the World with green Hydrogen!\",\"publisher\":{\"@id\":\"\\\/#organization\"},\"potentialAction\":[{\"@type\":\"SearchAction\",\"target\":{\"@type\":\"EntryPoint\",\"urlTemplate\":\"\\\/?s={search_term_string}\"},\"query-input\":{\"@type\":\"PropertyValueSpecification\",\"valueRequired\":true,\"valueName\":\"search_term_string\"}}],\"inLanguage\":\"de\"},{\"@type\":\"Organization\",\"@id\":\"\\\/#organization\",\"name\":\"H2 Core Systems\",\"url\":\"\\\/\",\"logo\":{\"@type\":\"ImageObject\",\"inLanguage\":\"de\",\"@id\":\"\\\/#\\\/schema\\\/logo\\\/image\\\/\",\"url\":\"https:\\\/\\\/www.h2coresystems.com\\\/wp-content\\\/uploads\\\/h2core-logo-800.png\",\"contentUrl\":\"https:\\\/\\\/www.h2coresystems.com\\\/wp-content\\\/uploads\\\/h2core-logo-800.png\",\"width\":800,\"height\":479,\"caption\":\"H2 Core Systems\"},\"image\":{\"@id\":\"\\\/#\\\/schema\\\/logo\\\/image\\\/\"},\"sameAs\":[\"https:\\\/\\\/www.facebook.com\\\/profile.php?id=100083236026860\",\"https:\\\/\\\/www.instagram.com\\\/h2coresystems\\\/\"]}]}<\/script>\n<!-- \/ Yoast SEO Premium plugin. -->","yoast_head_json":{"title":"Home &#8211; H2 Core Systems GmbH","description":"H2 Core Systems: Entdecke die gr\u00fcnen Wasserstoffl\u00f6sungen von H2 Core Systems und gestalte eine nachhaltige Zukunft. Jetzt mehr erfahren!","robots":{"index":"index","follow":"follow","max-snippet":"max-snippet:-1","max-image-preview":"max-image-preview:large","max-video-preview":"max-video-preview:-1"},"canonical":"https:\/\/www.h2coresystems.com\/de\/","og_locale":"de_DE","og_type":"article","og_title":"Home","og_description":"H2 Core Systems: Entdecke die gr\u00fcnen Wasserstoffl\u00f6sungen von H2 Core Systems und gestalte eine nachhaltige Zukunft. Jetzt mehr erfahren!","og_url":"https:\/\/www.h2coresystems.com\/de\/","og_site_name":"H2 Core Systems GmbH","article_publisher":"https:\/\/www.facebook.com\/profile.php?id=100083236026860","article_modified_time":"2026-04-15T11:49:31+00:00","twitter_card":"summary_large_image","twitter_misc":{"Gesch\u00e4tzte Lesezeit":"5\u00a0Minuten"},"schema":{"@context":"https:\/\/schema.org","@graph":[{"@type":"WebPage","@id":"https:\/\/www.h2coresystems.com\/de\/","url":"https:\/\/www.h2coresystems.com\/de\/","name":"Home &#8211; H2 Core Systems GmbH","isPartOf":{"@id":"\/#website"},"datePublished":"2022-10-05T10:47:28+00:00","dateModified":"2026-04-15T11:49:31+00:00","description":"H2 Core Systems: Entdecke die gr\u00fcnen Wasserstoffl\u00f6sungen von H2 Core Systems und gestalte eine nachhaltige Zukunft. Jetzt mehr erfahren!","breadcrumb":{"@id":"https:\/\/www.h2coresystems.com\/de\/#breadcrumb"},"inLanguage":"de","potentialAction":[{"@type":"ReadAction","target":["https:\/\/www.h2coresystems.com\/de\/"]}]},{"@type":"BreadcrumbList","@id":"https:\/\/www.h2coresystems.com\/de\/#breadcrumb","itemListElement":[{"@type":"ListItem","position":1,"name":"Startseite","item":"https:\/\/www.h2coresystems.com\/de\/"},{"@type":"ListItem","position":2,"name":"Home"}]},{"@type":"WebSite","@id":"\/#website","url":"\/","name":"H2 Core Systems GmbH","description":"Powering the World with green Hydrogen!","publisher":{"@id":"\/#organization"},"potentialAction":[{"@type":"SearchAction","target":{"@type":"EntryPoint","urlTemplate":"\/?s={search_term_string}"},"query-input":{"@type":"PropertyValueSpecification","valueRequired":true,"valueName":"search_term_string"}}],"inLanguage":"de"},{"@type":"Organization","@id":"\/#organization","name":"H2 Core Systems","url":"\/","logo":{"@type":"ImageObject","inLanguage":"de","@id":"\/#\/schema\/logo\/image\/","url":"https:\/\/www.h2coresystems.com\/wp-content\/uploads\/h2core-logo-800.png","contentUrl":"https:\/\/www.h2coresystems.com\/wp-content\/uploads\/h2core-logo-800.png","width":800,"height":479,"caption":"H2 Core Systems"},"image":{"@id":"\/#\/schema\/logo\/image\/"},"sameAs":["https:\/\/www.facebook.com\/profile.php?id=100083236026860","https:\/\/www.instagram.com\/h2coresystems\/"]}]}},"_links":{"self":[{"href":"https:\/\/www.h2coresystems.com\/de\/wp-json\/wp\/v2\/pages\/130","targetHints":{"allow":["GET"]}}],"collection":[{"href":"https:\/\/www.h2coresystems.com\/de\/wp-json\/wp\/v2\/pages"}],"about":[{"href":"https:\/\/www.h2coresystems.com\/de\/wp-json\/wp\/v2\/types\/page"}],"author":[{"embeddable":true,"href":"https:\/\/www.h2coresystems.com\/de\/wp-json\/wp\/v2\/users\/1"}],"replies":[{"embeddable":true,"href":"https:\/\/www.h2coresystems.com\/de\/wp-json\/wp\/v2\/comments?post=130"}],"version-history":[{"count":64,"href":"https:\/\/www.h2coresystems.com\/de\/wp-json\/wp\/v2\/pages\/130\/revisions"}],"predecessor-version":[{"id":5830,"href":"https:\/\/www.h2coresystems.com\/de\/wp-json\/wp\/v2\/pages\/130\/revisions\/5830"}],"wp:attachment":[{"href":"https:\/\/www.h2coresystems.com\/de\/wp-json\/wp\/v2\/media?parent=130"}],"curies":[{"name":"wp","href":"https:\/\/api.w.org\/{rel}","templated":true}]}}