{"id":129,"date":"2022-10-05T12:47:28","date_gmt":"2022-10-05T12:47:28","guid":{"rendered":"https:\/\/h2core.by-nordzuwort.de\/sample-page\/"},"modified":"2024-12-03T10:44:58","modified_gmt":"2024-12-03T09:44:58","slug":"impressum","status":"publish","type":"page","link":"https:\/\/www.h2coresystems.com\/de\/impressum\/","title":{"rendered":"Impressum"},"content":{"rendered":"<div class=\"wpb-content-wrapper\"><p>[vc_row][vc_column][vc_column_text css=&#8220;&#8220;]<\/p>\n<h1 class=\"prepend-dot\">Anbieterkennzeichnung \/ Impressum<\/h1>\n<h2>Informationen gem\u00e4\u00df \u00a7 5 Digitale-Dienste-Gesetz (DDG)<\/h2>\n<p><span data-contrast=\"auto\">H2 Core Systems GmbH<\/span><span data-ccp-props=\"{&quot;201341983&quot;:0,&quot;335559739&quot;:0,&quot;335559740&quot;:240}\"><br \/>\n<\/span><span data-contrast=\"auto\">R\u00fcsdorfer Str. 8<\/span><span data-ccp-props=\"{&quot;201341983&quot;:0,&quot;335559739&quot;:0,&quot;335559740&quot;:240}\"><br \/>\n<\/span><span data-contrast=\"auto\">25746 Heide<\/span><span data-ccp-props=\"{&quot;201341983&quot;:0,&quot;335559739&quot;:0,&quot;335559740&quot;:240}\">\u00a0<\/span><\/p>\n<p><span data-contrast=\"auto\">Handelsregister: HRB 15393 PI<\/span><span data-ccp-props=\"{&quot;201341983&quot;:0,&quot;335559739&quot;:0,&quot;335559740&quot;:240}\"><br \/>\n<\/span><span data-contrast=\"auto\">Registergericht: Amtsgericht Pinneberg<\/span><span data-ccp-props=\"{&quot;201341983&quot;:0,&quot;335559739&quot;:0,&quot;335559740&quot;:240}\">\u00a0<\/span><\/p>\n<p><b><span data-contrast=\"auto\">Vertreten durch:<\/span><\/b><span data-ccp-props=\"{&quot;201341983&quot;:0,&quot;335559739&quot;:0,&quot;335559740&quot;:240}\"><br \/>\n<\/span><span data-contrast=\"auto\">Gesch\u00e4ftsf\u00fchrender Gesellschafter: Ulf T. J\u00f6rgensen &#8211; Technik &amp; Vertrieb<\/span><span data-ccp-props=\"{&quot;201341983&quot;:0,&quot;335559739&quot;:0,&quot;335559740&quot;:240}\">\u00a0<\/span><\/p>\n<h2>Kontakt<\/h2>\n<p>Email: <a href=\"mailto:info@h2coresystems.com\">info@h2coresystems.com<\/a><br \/>\nZ\u00f6gern Sie nicht, uns \u00fcber unser <a href=\"https:\/\/www.h2coresystems.com\/en\/contact\/\">Kontaktformular<\/a> zu kontaktieren.<\/p>\n<h2><\/h2>\n<h2>Inhaltlich Verantwortlicher gem\u00e4\u00df \u00a7 18 Absatz 2 MStV:<\/h2>\n<p><strong>Ulf T. J\u00f6rgensen, R\u00fcsdorfer Str. 8, 25746 Heide<\/strong><\/p>\n<h2><\/h2>\n<h2>EU-Streitbeilegung<\/h2>\n<p><span data-contrast=\"auto\">Die Europ\u00e4ische Kommission stellt eine Plattform zur Online-Streitbeilegung (ODR) zur Verf\u00fcgung: <a href=\"https:\/\/ec.europa.eu\/consumers\/odr\" target=\"_blank\" rel=\"noopener\">https:\/\/ec.europa.eu\/consumers\/odr<\/a>.<\/span><span data-ccp-props=\"{&quot;201341983&quot;:0,&quot;335559739&quot;:0,&quot;335559740&quot;:240}\">\u00a0<\/span><\/p>\n<p><span data-contrast=\"auto\">Unsere E-Mail-Adresse finden Sie oben im Impressum der Seite.<\/span><span data-ccp-props=\"{&quot;201341983&quot;:0,&quot;335559739&quot;:0,&quot;335559740&quot;:240}\">\u00a0<\/span><\/p>\n<h3>Streitbeilegungsverfahren vor einer Verbraucherschlichtungsstelle<\/h3>\n<p><span data-contrast=\"auto\">Wir sind nicht bereit oder verpflichtet, an einem Streitbeilegungsverfahren vor einer Verbraucherschlichtungsstelle teilzunehmen.<\/span><\/p>\n<p>&nbsp;<\/p>\n<h3>Urheberrechte Bilder<\/h3>\n<p>Bilddiebstahl und Urheberrechtsverletzungen werden angezeigt.<\/p>\n<p>Canva: Einige der auf dieser Website verwendeten Bilder wurden \u00fcber Canva lizenziert.<\/p>\n<p>Die verwendeten Bilder sind teilweise urheberrechtlich gesch\u00fctzt und stammen von H2 Core Systems GmbH, Enapter, Intelligent Energy, REJOOL und Maximator sowie von AdobeStock, Unsplash und Envato.<\/p>\n<p>Alle Rechte an den Bildern liegen bei den jeweiligen Urhebern oder Rechteinhabern.[\/vc_column_text][\/vc_column][\/vc_row]<\/p>\n<\/div>","protected":false},"excerpt":{"rendered":"<p>[vc_row][vc_column][vc_column_text css=&#8220;&#8220;] Anbieterkennzeichnung \/ Impressum Informationen gem\u00e4\u00df \u00a7 5 Digitale-Dienste-Gesetz (DDG) H2 Core Systems GmbH R\u00fcsdorfer Str. 8 25746 Heide\u00a0 Handelsregister: HRB 15393 PI Registergericht: Amtsgericht Pinneberg\u00a0 Vertreten durch: Gesch\u00e4ftsf\u00fchrender Gesellschafter: Ulf T. J\u00f6rgensen &#8211; Technik &amp; Vertrieb\u00a0 Kontakt Email: info@h2coresystems.com Z\u00f6gern Sie nicht, uns \u00fcber unser Kontaktformular zu kontaktieren. Inhaltlich Verantwortlicher gem\u00e4\u00df \u00a7 18&hellip;<\/p>\n","protected":false},"author":1,"featured_media":0,"parent":0,"menu_order":28,"comment_status":"closed","ping_status":"closed","template":"","meta":{"_acf_changed":false,"footnotes":"","_links_to":"","_links_to_target":""},"class_list":["post-129","page","type-page","status-publish","hentry","description-off"],"acf":[],"yoast_head":"<!-- This site is optimized with the Yoast SEO Premium plugin v26.2 (Yoast SEO v27.3) - https:\/\/yoast.com\/product\/yoast-seo-premium-wordpress\/ -->\n<title>Impressum &#8211; H2 Core Systems GmbH<\/title>\n<meta name=\"robots\" content=\"index, follow, max-snippet:-1, max-image-preview:large, max-video-preview:-1\" \/>\n<link rel=\"canonical\" href=\"https:\/\/www.h2coresystems.com\/de\/impressum\/\" \/>\n<meta property=\"og:locale\" content=\"de_DE\" \/>\n<meta property=\"og:type\" content=\"article\" \/>\n<meta property=\"og:title\" content=\"Impressum\" \/>\n<meta property=\"og:description\" content=\"[vc_row][vc_column][vc_column_text css=&#8220;&#8220;] Anbieterkennzeichnung \/ Impressum Informationen gem\u00e4\u00df \u00a7 5 Digitale-Dienste-Gesetz (DDG) H2 Core Systems GmbH R\u00fcsdorfer Str. 8 25746 Heide\u00a0 Handelsregister: HRB 15393 PI Registergericht: Amtsgericht Pinneberg\u00a0 Vertreten durch: Gesch\u00e4ftsf\u00fchrender Gesellschafter: Ulf T. J\u00f6rgensen &#8211; Technik &amp; Vertrieb\u00a0 Kontakt Email: info@h2coresystems.com Z\u00f6gern Sie nicht, uns \u00fcber unser Kontaktformular zu kontaktieren. Inhaltlich Verantwortlicher gem\u00e4\u00df \u00a7 18&hellip;\" \/>\n<meta property=\"og:url\" content=\"https:\/\/www.h2coresystems.com\/de\/impressum\/\" \/>\n<meta property=\"og:site_name\" content=\"H2 Core Systems GmbH\" \/>\n<meta property=\"article:publisher\" content=\"https:\/\/www.facebook.com\/profile.php?id=100083236026860\" \/>\n<meta property=\"article:modified_time\" content=\"2024-12-03T09:44:58+00:00\" \/>\n<meta name=\"twitter:card\" content=\"summary_large_image\" \/>\n<meta name=\"twitter:label1\" content=\"Gesch\u00e4tzte Lesezeit\" \/>\n\t<meta name=\"twitter:data1\" content=\"1\u00a0Minute\" \/>\n<script type=\"application\/ld+json\" class=\"yoast-schema-graph\">{\"@context\":\"https:\\\/\\\/schema.org\",\"@graph\":[{\"@type\":\"WebPage\",\"@id\":\"https:\\\/\\\/www.h2coresystems.com\\\/de\\\/impressum\\\/\",\"url\":\"https:\\\/\\\/www.h2coresystems.com\\\/de\\\/impressum\\\/\",\"name\":\"Impressum &#8211; H2 Core Systems GmbH\",\"isPartOf\":{\"@id\":\"\\\/#website\"},\"datePublished\":\"2022-10-05T12:47:28+00:00\",\"dateModified\":\"2024-12-03T09:44:58+00:00\",\"breadcrumb\":{\"@id\":\"https:\\\/\\\/www.h2coresystems.com\\\/de\\\/impressum\\\/#breadcrumb\"},\"inLanguage\":\"de\",\"potentialAction\":[{\"@type\":\"ReadAction\",\"target\":[\"https:\\\/\\\/www.h2coresystems.com\\\/de\\\/impressum\\\/\"]}]},{\"@type\":\"BreadcrumbList\",\"@id\":\"https:\\\/\\\/www.h2coresystems.com\\\/de\\\/impressum\\\/#breadcrumb\",\"itemListElement\":[{\"@type\":\"ListItem\",\"position\":1,\"name\":\"Startseite\",\"item\":\"https:\\\/\\\/www.h2coresystems.com\\\/de\\\/\"},{\"@type\":\"ListItem\",\"position\":2,\"name\":\"Impressum\"}]},{\"@type\":\"WebSite\",\"@id\":\"\\\/#website\",\"url\":\"\\\/\",\"name\":\"H2 Core Systems GmbH\",\"description\":\"Powering the World with green Hydrogen!\",\"publisher\":{\"@id\":\"\\\/#organization\"},\"potentialAction\":[{\"@type\":\"SearchAction\",\"target\":{\"@type\":\"EntryPoint\",\"urlTemplate\":\"\\\/?s={search_term_string}\"},\"query-input\":{\"@type\":\"PropertyValueSpecification\",\"valueRequired\":true,\"valueName\":\"search_term_string\"}}],\"inLanguage\":\"de\"},{\"@type\":\"Organization\",\"@id\":\"\\\/#organization\",\"name\":\"H2 Core Systems\",\"url\":\"\\\/\",\"logo\":{\"@type\":\"ImageObject\",\"inLanguage\":\"de\",\"@id\":\"\\\/#\\\/schema\\\/logo\\\/image\\\/\",\"url\":\"https:\\\/\\\/www.h2coresystems.com\\\/wp-content\\\/uploads\\\/h2core-logo-800.png\",\"contentUrl\":\"https:\\\/\\\/www.h2coresystems.com\\\/wp-content\\\/uploads\\\/h2core-logo-800.png\",\"width\":800,\"height\":479,\"caption\":\"H2 Core Systems\"},\"image\":{\"@id\":\"\\\/#\\\/schema\\\/logo\\\/image\\\/\"},\"sameAs\":[\"https:\\\/\\\/www.facebook.com\\\/profile.php?id=100083236026860\",\"https:\\\/\\\/www.instagram.com\\\/h2coresystems\\\/\"]}]}<\/script>\n<!-- \/ Yoast SEO Premium plugin. -->","yoast_head_json":{"title":"Impressum &#8211; H2 Core Systems GmbH","robots":{"index":"index","follow":"follow","max-snippet":"max-snippet:-1","max-image-preview":"max-image-preview:large","max-video-preview":"max-video-preview:-1"},"canonical":"https:\/\/www.h2coresystems.com\/de\/impressum\/","og_locale":"de_DE","og_type":"article","og_title":"Impressum","og_description":"[vc_row][vc_column][vc_column_text css=&#8220;&#8220;] Anbieterkennzeichnung \/ Impressum Informationen gem\u00e4\u00df \u00a7 5 Digitale-Dienste-Gesetz (DDG) H2 Core Systems GmbH R\u00fcsdorfer Str. 8 25746 Heide\u00a0 Handelsregister: HRB 15393 PI Registergericht: Amtsgericht Pinneberg\u00a0 Vertreten durch: Gesch\u00e4ftsf\u00fchrender Gesellschafter: Ulf T. J\u00f6rgensen &#8211; Technik &amp; Vertrieb\u00a0 Kontakt Email: info@h2coresystems.com Z\u00f6gern Sie nicht, uns \u00fcber unser Kontaktformular zu kontaktieren. Inhaltlich Verantwortlicher gem\u00e4\u00df \u00a7 18&hellip;","og_url":"https:\/\/www.h2coresystems.com\/de\/impressum\/","og_site_name":"H2 Core Systems GmbH","article_publisher":"https:\/\/www.facebook.com\/profile.php?id=100083236026860","article_modified_time":"2024-12-03T09:44:58+00:00","twitter_card":"summary_large_image","twitter_misc":{"Gesch\u00e4tzte Lesezeit":"1\u00a0Minute"},"schema":{"@context":"https:\/\/schema.org","@graph":[{"@type":"WebPage","@id":"https:\/\/www.h2coresystems.com\/de\/impressum\/","url":"https:\/\/www.h2coresystems.com\/de\/impressum\/","name":"Impressum &#8211; H2 Core Systems GmbH","isPartOf":{"@id":"\/#website"},"datePublished":"2022-10-05T12:47:28+00:00","dateModified":"2024-12-03T09:44:58+00:00","breadcrumb":{"@id":"https:\/\/www.h2coresystems.com\/de\/impressum\/#breadcrumb"},"inLanguage":"de","potentialAction":[{"@type":"ReadAction","target":["https:\/\/www.h2coresystems.com\/de\/impressum\/"]}]},{"@type":"BreadcrumbList","@id":"https:\/\/www.h2coresystems.com\/de\/impressum\/#breadcrumb","itemListElement":[{"@type":"ListItem","position":1,"name":"Startseite","item":"https:\/\/www.h2coresystems.com\/de\/"},{"@type":"ListItem","position":2,"name":"Impressum"}]},{"@type":"WebSite","@id":"\/#website","url":"\/","name":"H2 Core Systems GmbH","description":"Powering the World with green Hydrogen!","publisher":{"@id":"\/#organization"},"potentialAction":[{"@type":"SearchAction","target":{"@type":"EntryPoint","urlTemplate":"\/?s={search_term_string}"},"query-input":{"@type":"PropertyValueSpecification","valueRequired":true,"valueName":"search_term_string"}}],"inLanguage":"de"},{"@type":"Organization","@id":"\/#organization","name":"H2 Core Systems","url":"\/","logo":{"@type":"ImageObject","inLanguage":"de","@id":"\/#\/schema\/logo\/image\/","url":"https:\/\/www.h2coresystems.com\/wp-content\/uploads\/h2core-logo-800.png","contentUrl":"https:\/\/www.h2coresystems.com\/wp-content\/uploads\/h2core-logo-800.png","width":800,"height":479,"caption":"H2 Core Systems"},"image":{"@id":"\/#\/schema\/logo\/image\/"},"sameAs":["https:\/\/www.facebook.com\/profile.php?id=100083236026860","https:\/\/www.instagram.com\/h2coresystems\/"]}]}},"_links":{"self":[{"href":"https:\/\/www.h2coresystems.com\/de\/wp-json\/wp\/v2\/pages\/129","targetHints":{"allow":["GET"]}}],"collection":[{"href":"https:\/\/www.h2coresystems.com\/de\/wp-json\/wp\/v2\/pages"}],"about":[{"href":"https:\/\/www.h2coresystems.com\/de\/wp-json\/wp\/v2\/types\/page"}],"author":[{"embeddable":true,"href":"https:\/\/www.h2coresystems.com\/de\/wp-json\/wp\/v2\/users\/1"}],"replies":[{"embeddable":true,"href":"https:\/\/www.h2coresystems.com\/de\/wp-json\/wp\/v2\/comments?post=129"}],"version-history":[{"count":19,"href":"https:\/\/www.h2coresystems.com\/de\/wp-json\/wp\/v2\/pages\/129\/revisions"}],"predecessor-version":[{"id":5113,"href":"https:\/\/www.h2coresystems.com\/de\/wp-json\/wp\/v2\/pages\/129\/revisions\/5113"}],"wp:attachment":[{"href":"https:\/\/www.h2coresystems.com\/de\/wp-json\/wp\/v2\/media?parent=129"}],"curies":[{"name":"wp","href":"https:\/\/api.w.org\/{rel}","templated":true}]}}